{"id":24,"date":"2026-02-22T21:44:46","date_gmt":"2026-02-22T21:44:46","guid":{"rendered":"https:\/\/www.silverlocks.org\/de\/?page_id=24"},"modified":"2026-02-22T21:53:45","modified_gmt":"2026-02-22T21:53:45","slug":"accessibility","status":"publish","type":"page","link":"https:\/\/www.silverlocks.org\/de\/accessibility\/","title":{"rendered":"Barrierefreiheit im Web"},"content":{"rendered":"<h1>Unser Engagement f\u00fcr digitale Barrierefreiheit<\/h1>\n<p>[YOUR COMPANY NAME] verpflichtet sich, allen Nutzerinnen und Nutzern \u2013 unabh\u00e4ngig von ihren F\u00e4higkeiten \u2013 ein vollst\u00e4ndig barrierefreies Website-Erlebnis zu bieten, einschlie\u00dflich Personen, die auf assistive Technologien wie Screenreader, Bildschirmvergr\u00f6\u00dferungssoftware und alternative Tastatureingabeger\u00e4te angewiesen sind, um im Web zu navigieren.<\/p>\n<h2><strong>Laufende Ma\u00dfnahmen zur Sicherstellung der Barrierefreiheit<\/strong><\/h2>\n<p>Wir orientieren uns an den <a href=\"https:\/\/www.w3.org\/TR\/WCAG21\/\" target=\"_blank\" rel=\"noopener\">Web Content Accessibility Guidelines (WCAG) Version 2.1<\/a> als Leitprinzip zur Bewertung der Barrierefreiheit. Dabei handelt es sich um international vereinbarte Standards mit einer Vielzahl von Empfehlungen und Best Practices, um Inhalte nutzbar zu machen. Wenn wir neue Seiten und Funktionen zu unserer Website hinzuf\u00fcgen, werden s\u00e4mtliche Designs, der Code sowie die Prozesse zur Inhaltspflege anhand dieser Standards \u00fcberpr\u00fcft.<\/p>\n<p>Barrierefreiheit ist ein fortlaufender Prozess. Wir testen Inhalte und Funktionen kontinuierlich auf die Konformit\u00e4t mit WCAG 2.1 Level AA und beheben erkannte Probleme, um die Standards zu erf\u00fcllen oder zu \u00fcbertreffen. Die Tests unserer Website werden durch Mitglieder unseres Teams mit branchen\u00fcblichen Werkzeugen durchgef\u00fchrt, darunter das <a href=\"https:\/\/a11ychecker.com\/?utm_source=accessibility-checker&amp;utm_medium=software&amp;utm_campaign=wordpress-general\" target=\"_blank\" rel=\"noopener\">Accessibility Checker WordPress Plugin<\/a>, Farbkontrast-Analyser, Navigation ausschlie\u00dflich per Tastatur sowie Flesch-Kincaid-Lesbarkeitstests.<\/p>\n<h2>Barrierefreiheitsfunktionen auf unserer Website<\/h2>\n<p>Nachfolgend finden Sie eine Liste von Ma\u00dfnahmen, die wir auf unserer Website umgesetzt haben, um die Barrierefreiheit zu verbessern:<\/p>\n<ul>\n<li>[LISTEN SIE HIER BARRIEREFREIHEITSFUNKTIONEN AUF]<\/li>\n<\/ul>\n<h2>Wo wir uns verbessern<\/h2>\n<p>Im Rahmen unserer Bem\u00fchungen, unsere Website auf den Standard zu bringen, konzentrieren wir uns auf die folgenden Bereiche:<\/p>\n<ul>\n<li>[LISTEN SIE HIER PUNKTE AUF, AN DENEN SIE ARBEITEN]<\/li>\n<li>[ES KANN HILFREICH SEIN, DEN TAB \u201eOPEN ISSUES\u201c ZU PR\u00dcFEN, UM DIE H\u00c4UFIGSTEN PROBLEME ZU SEHEN]<\/li>\n<\/ul>\n<p>Dies ist Teil unserer umfassenderen Bem\u00fchungen, die Erfahrung f\u00fcr alle bei [COMPANY NAME] einladend und angenehm zu gestalten. Bitte beachten Sie, dass wir zwar alle Anstrengungen unternehmen, Informationen f\u00fcr alle Nutzerinnen und Nutzer zug\u00e4nglich bereitzustellen, jedoch die Barrierefreiheit von Websites Dritter, auf die wir m\u00f6glicherweise verlinken, nicht garantieren k\u00f6nnen.<\/p>\n<h2>Kontakt f\u00fcr Unterst\u00fctzung bei Barrierefreiheit<\/h2>\n<p>Wir freuen uns \u00fcber Kommentare, Fragen und Feedback zu unserer Website. Wenn Sie assistive Technologien verwenden und Schwierigkeiten bei der Nutzung unserer Website haben, senden Sie bitte eine E-Mail an [YOUR ACCESSIBILITY EMAIL ADDRESS] oder rufen Sie uns an unter [YOUR PHONE NUMBER]. Wir werden unser Bestes tun, um Ihnen zu helfen und Probleme zu beheben.<\/p>\n","protected":false},"excerpt":{"rendered":"<p>Unser Engagement f\u00fcr digitale Barrierefreiheit [YOUR COMPANY NAME] verpflichtet sich, allen Nutzerinnen und Nutzern \u2013 unabh\u00e4ngig von ihren F\u00e4higkeiten \u2013 ein vollst\u00e4ndig barrierefreies Website-Erlebnis zu bieten, einschlie\u00dflich Personen, die auf assistive Technologien wie Screenreader, Bildschirmvergr\u00f6\u00dferungssoftware und alternative Tastatureingabeger\u00e4te angewiesen sind, um im Web zu navigieren. Laufende Ma\u00dfnahmen zur Sicherstellung der Barrierefreiheit Wir orientieren uns an &hellip;<\/p>\n","protected":false},"author":1,"featured_media":0,"parent":0,"menu_order":0,"comment_status":"closed","ping_status":"closed","template":"","meta":{"footnotes":""},"class_list":["post-24","page","type-page","status-publish"],"_links":{"self":[{"href":"https:\/\/www.silverlocks.org\/de\/wp-json\/wp\/v2\/pages\/24","targetHints":{"allow":["GET"]}}],"collection":[{"href":"https:\/\/www.silverlocks.org\/de\/wp-json\/wp\/v2\/pages"}],"about":[{"href":"https:\/\/www.silverlocks.org\/de\/wp-json\/wp\/v2\/types\/page"}],"author":[{"embeddable":true,"href":"https:\/\/www.silverlocks.org\/de\/wp-json\/wp\/v2\/users\/1"}],"replies":[{"embeddable":true,"href":"https:\/\/www.silverlocks.org\/de\/wp-json\/wp\/v2\/comments?post=24"}],"version-history":[{"count":3,"href":"https:\/\/www.silverlocks.org\/de\/wp-json\/wp\/v2\/pages\/24\/revisions"}],"predecessor-version":[{"id":27,"href":"https:\/\/www.silverlocks.org\/de\/wp-json\/wp\/v2\/pages\/24\/revisions\/27"}],"wp:attachment":[{"href":"https:\/\/www.silverlocks.org\/de\/wp-json\/wp\/v2\/media?parent=24"}],"curies":[{"name":"wp","href":"https:\/\/api.w.org\/{rel}","templated":true}]}}