{"id":35,"date":"2026-02-22T22:43:16","date_gmt":"2026-02-22T22:43:16","guid":{"rendered":"https:\/\/www.silverlocks.org\/de\/?page_id=35"},"modified":"2026-02-22T22:46:28","modified_gmt":"2026-02-22T22:46:28","slug":"ueber-uns","status":"publish","type":"page","link":"https:\/\/www.silverlocks.org\/de\/ueber-uns\/","title":{"rendered":"\u00dcber uns"},"content":{"rendered":"<h2>Willkommen bei Silverlocks!<\/h2>\n<p>Silverlocks ist ein Online-Zuhause f\u00fcr Frauen \u00fcber 45, die in der Lebensmitte mehr wollen als Klischees und Unsichtbarkeit. F\u00fcr Frauen, die neugierig sind, nachdenklich \u2013 und bereit, sich selbst genauso zu umsorgen wie alle anderen.<\/p>\n<p>Hier findest du ehrliche Artikel \u00fcber Menopause, Gesundheit und Wohlbefinden, mentale Gesundheit, ADHS im Erwachsenenalter und dar\u00fcber, wie es sich wirklich anf\u00fchlt, in der heutigen Welt \u00e4lter zu werden. Silverlocks bringt Geschichten, praktische Tipps und Orientierung zusammen, damit du Ver\u00e4nderungen rund um K\u00f6rper, Beziehungen, Arbeit und Identit\u00e4t mit mehr Leichtigkeit und Selbstrespekt navigieren kannst.<\/p>\n<p>Silverlocks glaubt: Die Lebensmitte ist kein Ende, sondern ein Anfang \u2013 auf ihre ganz eigene Art. Dieser Raum ist daf\u00fcr da, Stereotype zu hinterfragen und die Tiefe, den Humor und die Freiheit zu feiern, die mit Erfahrung kommen. Ob du dein Leben neu erfindest oder einfach nach echten Geschichten suchst, die sich anf\u00fchlen wie deine \u2013 Silverlocks ist da, um Inspiration, Verbindung und Unterst\u00fctzung in dieser \u201esilbernen\u201c Lebensphase zu geben.<\/p>\n","protected":false},"excerpt":{"rendered":"<p>Willkommen bei Silverlocks! Silverlocks ist ein Online-Zuhause f\u00fcr Frauen \u00fcber 45, die in der Lebensmitte mehr wollen als Klischees und Unsichtbarkeit. F\u00fcr Frauen, die neugierig sind, nachdenklich \u2013 und bereit, sich selbst genauso zu umsorgen wie alle anderen. Hier findest du ehrliche Artikel \u00fcber Menopause, Gesundheit und Wohlbefinden, mentale Gesundheit, ADHS im Erwachsenenalter und dar\u00fcber, &hellip;<\/p>\n","protected":false},"author":1,"featured_media":0,"parent":0,"menu_order":0,"comment_status":"closed","ping_status":"closed","template":"","meta":{"footnotes":""},"class_list":["post-35","page","type-page","status-publish"],"_links":{"self":[{"href":"https:\/\/www.silverlocks.org\/de\/wp-json\/wp\/v2\/pages\/35","targetHints":{"allow":["GET"]}}],"collection":[{"href":"https:\/\/www.silverlocks.org\/de\/wp-json\/wp\/v2\/pages"}],"about":[{"href":"https:\/\/www.silverlocks.org\/de\/wp-json\/wp\/v2\/types\/page"}],"author":[{"embeddable":true,"href":"https:\/\/www.silverlocks.org\/de\/wp-json\/wp\/v2\/users\/1"}],"replies":[{"embeddable":true,"href":"https:\/\/www.silverlocks.org\/de\/wp-json\/wp\/v2\/comments?post=35"}],"version-history":[{"count":2,"href":"https:\/\/www.silverlocks.org\/de\/wp-json\/wp\/v2\/pages\/35\/revisions"}],"predecessor-version":[{"id":37,"href":"https:\/\/www.silverlocks.org\/de\/wp-json\/wp\/v2\/pages\/35\/revisions\/37"}],"wp:attachment":[{"href":"https:\/\/www.silverlocks.org\/de\/wp-json\/wp\/v2\/media?parent=35"}],"curies":[{"name":"wp","href":"https:\/\/api.w.org\/{rel}","templated":true}]}}