{"id":27,"date":"2026-02-22T21:40:21","date_gmt":"2026-02-22T21:40:21","guid":{"rendered":"https:\/\/www.silverlocks.org\/es\/?page_id=27"},"modified":"2026-02-22T21:53:14","modified_gmt":"2026-02-22T21:53:14","slug":"accessibility","status":"publish","type":"page","link":"https:\/\/www.silverlocks.org\/es\/accessibility\/","title":{"rendered":"Accesibilidad web"},"content":{"rendered":"<h1>Nuestro compromiso con la accesibilidad web<\/h1>\n<p>[YOUR COMPANY NAME] se compromete a ofrecer una experiencia totalmente accesible en su sitio web para todos los usuarios, independientemente de sus capacidades, incluidos aquellos que dependen de tecnolog\u00edas de asistencia como lectores de pantalla, software de ampliaci\u00f3n de pantalla y dispositivos de entrada alternativos mediante teclado para navegar por la web.<\/p>\n<h2><strong>Esfuerzos continuos para garantizar la accesibilidad<\/strong><\/h2>\n<p>Seguimos las <a href=\"https:\/\/www.w3.org\/TR\/WCAG21\/\" target=\"_blank\" rel=\"noopener\">Pautas de Accesibilidad para el Contenido Web (WCAG) versi\u00f3n 2.1<\/a> como principio rector para determinar la accesibilidad. Se trata de est\u00e1ndares acordados internacionalmente que cubren una amplia variedad de recomendaciones y mejores pr\u00e1cticas para hacer que el contenido sea utilizable. A medida que a\u00f1adimos nuevas p\u00e1ginas y funcionalidades a nuestro sitio web, se revisan todos los dise\u00f1os, el c\u00f3digo y las pr\u00e1cticas de publicaci\u00f3n de contenido conforme a estos est\u00e1ndares.<\/p>\n<p>La accesibilidad web es un proceso continuo. Probamos de forma peri\u00f3dica el contenido y las funcionalidades para cumplir con WCAG 2.1 Nivel AA y corregimos cualquier problema para garantizar que cumplimos o superamos los est\u00e1ndares. Las pruebas de nuestro sitio web son realizadas por miembros de nuestro equipo mediante herramientas est\u00e1ndar del sector, como el <a href=\"https:\/\/a11ychecker.com\/?utm_source=accessibility-checker&amp;utm_medium=software&amp;utm_campaign=wordpress-general\" target=\"_blank\" rel=\"noopener\">plugin Accessibility Checker para WordPress<\/a>, analizadores de contraste de color, t\u00e9cnicas de navegaci\u00f3n solo con teclado y pruebas de legibilidad Flesch-Kincaid.<\/p>\n<h2>Funciones de accesibilidad en nuestro sitio web<\/h2>\n<p>A continuaci\u00f3n se incluye una lista de elementos que hemos incorporado en nuestro sitio web para mejorar su accesibilidad:<\/p>\n<ul>\n<li>[LISTA AQU\u00cd LAS FUNCIONES DE ACCESIBILIDAD]<\/li>\n<\/ul>\n<h2>En qu\u00e9 estamos mejorando<\/h2>\n<p>En nuestros esfuerzos por adecuar nuestro sitio web a los est\u00e1ndares, estamos priorizando las siguientes \u00e1reas:<\/p>\n<ul>\n<li>[LISTA AQU\u00cd LOS ELEMENTOS QUE EST\u00c1S TRABAJANDO EN CORREGIR]<\/li>\n<li>[PUEDE SER \u00daTIL REVISAR LA PESTA\u00d1A DE INCIDENCIAS ABIERTAS PARA VER LOS PROBLEMAS M\u00c1S COMUNES]<\/li>\n<\/ul>\n<p>Esto forma parte de nuestro esfuerzo m\u00e1s amplio por hacer que la experiencia de todos en [COMPANY NAME] sea acogedora y agradable. Ten en cuenta que, aunque hacemos todo lo posible por proporcionar informaci\u00f3n accesible para todos los usuarios, no podemos garantizar la accesibilidad de los sitios web de terceros a los que podamos enlazar.<\/p>\n<h2>Contacto de soporte de accesibilidad<\/h2>\n<p>Agradecemos comentarios, preguntas y sugerencias sobre nuestro sitio web. Si utilizas tecnolog\u00edas de asistencia y tienes dificultades para usar nuestro sitio web, env\u00eda un email a [YOUR ACCESSIBILITY EMAIL ADDRESS] o ll\u00e1manos al [YOUR PHONE NUMBER]. Haremos todo lo posible por ayudarte y resolver los problemas.<\/p>\n","protected":false},"excerpt":{"rendered":"<p>Nuestro compromiso con la accesibilidad web [YOUR COMPANY NAME] se compromete a ofrecer una experiencia totalmente accesible en su sitio web para todos los usuarios, independientemente de sus capacidades, incluidos aquellos que dependen de tecnolog\u00edas de asistencia como lectores de pantalla, software de ampliaci\u00f3n de pantalla y dispositivos de entrada alternativos mediante teclado para navegar &hellip;<\/p>\n","protected":false},"author":1,"featured_media":0,"parent":0,"menu_order":0,"comment_status":"closed","ping_status":"closed","template":"","meta":{"footnotes":""},"class_list":["post-27","page","type-page","status-publish"],"_links":{"self":[{"href":"https:\/\/www.silverlocks.org\/es\/wp-json\/wp\/v2\/pages\/27","targetHints":{"allow":["GET"]}}],"collection":[{"href":"https:\/\/www.silverlocks.org\/es\/wp-json\/wp\/v2\/pages"}],"about":[{"href":"https:\/\/www.silverlocks.org\/es\/wp-json\/wp\/v2\/types\/page"}],"author":[{"embeddable":true,"href":"https:\/\/www.silverlocks.org\/es\/wp-json\/wp\/v2\/users\/1"}],"replies":[{"embeddable":true,"href":"https:\/\/www.silverlocks.org\/es\/wp-json\/wp\/v2\/comments?post=27"}],"version-history":[{"count":4,"href":"https:\/\/www.silverlocks.org\/es\/wp-json\/wp\/v2\/pages\/27\/revisions"}],"predecessor-version":[{"id":31,"href":"https:\/\/www.silverlocks.org\/es\/wp-json\/wp\/v2\/pages\/27\/revisions\/31"}],"wp:attachment":[{"href":"https:\/\/www.silverlocks.org\/es\/wp-json\/wp\/v2\/media?parent=27"}],"curies":[{"name":"wp","href":"https:\/\/api.w.org\/{rel}","templated":true}]}}