{"id":37,"date":"2026-02-22T22:40:52","date_gmt":"2026-02-22T22:40:52","guid":{"rendered":"https:\/\/www.silverlocks.org\/es\/?page_id=37"},"modified":"2026-02-22T22:45:45","modified_gmt":"2026-02-22T22:45:45","slug":"sobre-nosotros","status":"publish","type":"page","link":"https:\/\/www.silverlocks.org\/es\/sobre-nosotros\/","title":{"rendered":"Sobre nosotros"},"content":{"rendered":"<h2>\u00a1Bienvenida a Silverlocks!<\/h2>\n<p>Silverlocks es un hogar online para mujeres mayores de 45 que quieren algo m\u00e1s de la mediana edad que clich\u00e9s e invisibilidad. Es para mujeres curiosas, reflexivas y dispuestas a cuidarse a s\u00ed mismas tanto como cuidan de los dem\u00e1s.<\/p>\n<p>Aqu\u00ed encontrar\u00e1s art\u00edculos honestos sobre la menopausia, la salud y el bienestar, la salud mental, el TDAH en la edad adulta y lo que realmente se siente al envejecer en el mundo de hoy. Silverlocks re\u00fane historias, consejos pr\u00e1cticos y orientaci\u00f3n para ayudarte a navegar los cambios del cuerpo, las relaciones, el trabajo y la identidad con m\u00e1s calma y respeto hacia ti misma.<\/p>\n<p>Silverlocks cree que la mediana edad no es un final, sino un comienzo en s\u00ed mismo. Este espacio est\u00e1 dedicado a desafiar estereotipos y a celebrar la profundidad, el humor y la libertad que llegan con la experiencia. Tanto si est\u00e1s reinventando tu vida como si simplemente buscas historias reales que suenen como la tuya, Silverlocks est\u00e1 aqu\u00ed para ofrecer inspiraci\u00f3n, conexi\u00f3n y apoyo en esta \u201ctemporada plateada\u201d de tu vida.<\/p>\n","protected":false},"excerpt":{"rendered":"<p>\u00a1Bienvenida a Silverlocks! Silverlocks es un hogar online para mujeres mayores de 45 que quieren algo m\u00e1s de la mediana edad que clich\u00e9s e invisibilidad. Es para mujeres curiosas, reflexivas y dispuestas a cuidarse a s\u00ed mismas tanto como cuidan de los dem\u00e1s. Aqu\u00ed encontrar\u00e1s art\u00edculos honestos sobre la menopausia, la salud y el bienestar, &hellip;<\/p>\n","protected":false},"author":1,"featured_media":0,"parent":0,"menu_order":0,"comment_status":"closed","ping_status":"closed","template":"","meta":{"footnotes":""},"class_list":["post-37","page","type-page","status-publish"],"_links":{"self":[{"href":"https:\/\/www.silverlocks.org\/es\/wp-json\/wp\/v2\/pages\/37","targetHints":{"allow":["GET"]}}],"collection":[{"href":"https:\/\/www.silverlocks.org\/es\/wp-json\/wp\/v2\/pages"}],"about":[{"href":"https:\/\/www.silverlocks.org\/es\/wp-json\/wp\/v2\/types\/page"}],"author":[{"embeddable":true,"href":"https:\/\/www.silverlocks.org\/es\/wp-json\/wp\/v2\/users\/1"}],"replies":[{"embeddable":true,"href":"https:\/\/www.silverlocks.org\/es\/wp-json\/wp\/v2\/comments?post=37"}],"version-history":[{"count":2,"href":"https:\/\/www.silverlocks.org\/es\/wp-json\/wp\/v2\/pages\/37\/revisions"}],"predecessor-version":[{"id":39,"href":"https:\/\/www.silverlocks.org\/es\/wp-json\/wp\/v2\/pages\/37\/revisions\/39"}],"wp:attachment":[{"href":"https:\/\/www.silverlocks.org\/es\/wp-json\/wp\/v2\/media?parent=37"}],"curies":[{"name":"wp","href":"https:\/\/api.w.org\/{rel}","templated":true}]}}