{"id":19,"date":"2026-02-22T20:59:53","date_gmt":"2026-02-22T20:59:53","guid":{"rendered":"https:\/\/www.silverlocks.org\/fr\/?page_id=19"},"modified":"2026-02-22T21:01:22","modified_gmt":"2026-02-22T21:01:22","slug":"terms","status":"publish","type":"page","link":"https:\/\/www.silverlocks.org\/fr\/terms\/","title":{"rendered":"Conditions g\u00e9n\u00e9rales d\u2019utilisation"},"content":{"rendered":"<h1>Conditions g\u00e9n\u00e9rales d\u2019utilisation<\/h1>\n<p><strong>Derni\u00e8re mise \u00e0 jour&nbsp;:<\/strong> [JJ Mois AAAA]<\/p>\n<p>Les pr\u00e9sentes Conditions g\u00e9n\u00e9rales (\u00ab&nbsp;Conditions&nbsp;\u00bb) r\u00e9gissent votre acc\u00e8s et votre utilisation de <strong>silverlocks.org<\/strong><br \/>\n(le \u00ab&nbsp;Site&nbsp;\u00bb). En acc\u00e9dant \u00e0 ce Site ou en l\u2019utilisant, vous acceptez ces Conditions. Si vous n\u2019\u00eates pas d\u2019accord,<br \/>\nveuillez ne pas utiliser le Site.<\/p>\n<hr \/>\n<h2>1) \u00c0 propos de nous<\/h2>\n<p><strong>Site&nbsp;:<\/strong> silverlocks.org<br \/>\n<strong>Propri\u00e9taire \/ Exploitant&nbsp;:<\/strong> [Votre nom l\u00e9gal \/ nom de l\u2019entreprise]<br \/>\n<strong>Adresse&nbsp;:<\/strong> [Votre adresse]<br \/>\n<strong>E-mail de contact&nbsp;:<\/strong> [Votre e-mail de contact]<\/p>\n<h2>2) Objet du Site<\/h2>\n<p>Le Site fournit des informations et du contenu \u00e0 des fins d\u2019information g\u00e9n\u00e9rale uniquement.<br \/>\nSauf indication contraire explicite, le Site ne fournit pas de conseil professionnel, et<br \/>\nvous ne devez pas vous y fier comme tel.<\/p>\n<h2>3) \u00c9ligibilit\u00e9<\/h2>\n<p>Vous devez avoir au moins <strong>16 ans<\/strong> pour utiliser ce Site. En utilisant le Site, vous confirmez<br \/>\nque vous remplissez cette condition.<\/p>\n<h2>4) Utilisation acceptable<\/h2>\n<p>Vous acceptez de ne pas utiliser le Site d\u2019une mani\u00e8re qui&nbsp;:<\/p>\n<ul>\n<li>Viole les lois ou r\u00e9glementations applicables<\/li>\n<li>Soit ill\u00e9gale, frauduleuse, nuisible ou abusive<\/li>\n<li>Interf\u00e8re avec le fonctionnement ou la s\u00e9curit\u00e9 du Site<\/li>\n<li>Tente d\u2019obtenir un acc\u00e8s non autoris\u00e9 au Site, aux comptes, aux serveurs ou aux r\u00e9seaux<\/li>\n<li>Introduise des malwares, virus ou code nuisible<\/li>\n<li>Copie, scrape ou collecte des donn\u00e9es sans autorisation<\/li>\n<li>Usurpe l\u2019identit\u00e9 d\u2019une autre personne ou d\u00e9forme votre affiliation<\/li>\n<\/ul>\n<h2>5) Propri\u00e9t\u00e9 intellectuelle<\/h2>\n<p>Sauf indication contraire, l\u2019ensemble du contenu du Site (y compris textes, graphiques, logos, images et design)<br \/>\nest notre propri\u00e9t\u00e9 ou fait l\u2019objet d\u2019une licence et est prot\u00e9g\u00e9 par les lois relatives \u00e0 la propri\u00e9t\u00e9 intellectuelle.<\/p>\n<p>Vous pouvez consulter, t\u00e9l\u00e9charger et imprimer le contenu uniquement pour un usage personnel et non commercial. Vous ne devez pas reproduire,<br \/>\ndistribuer, modifier, cr\u00e9er des \u0153uvres d\u00e9riv\u00e9es ni exploiter le contenu du Site \u00e0 des fins commerciales<br \/>\nsans notre autorisation \u00e9crite.<\/p>\n<h2>6) Contenu utilisateur (commentaires et soumissions)<\/h2>\n<p>Si le Site autorise les commentaires ou soumissions, vous reconnaissez \u00eatre responsable du contenu que vous publiez.<br \/>\nVous ne devez pas publier de contenu ill\u00e9gal, diffamatoire, abusif, haineux, trompeur ou portant atteinte aux droits<br \/>\nd\u2019autrui.<\/p>\n<p>En soumettant du contenu (y compris des commentaires), vous nous accordez une licence mondiale, non exclusive et libre de redevance<br \/>\nnous permettant d\u2019utiliser, reproduire, afficher et distribuer ce contenu sur le Site ou en lien avec le Site.<\/p>\n<p>Nous pouvons mod\u00e9rer, supprimer ou restreindre l\u2019acc\u00e8s \u00e0 tout contenu utilisateur \u00e0 notre discr\u00e9tion.<\/p>\n<h2>7) Liens externes et contenu int\u00e9gr\u00e9<\/h2>\n<p>Le Site peut contenir des liens vers des sites tiers ou du contenu int\u00e9gr\u00e9 (par ex. vid\u00e9os, publications sociales).<br \/>\nNous ne contr\u00f4lons pas ces services tiers et ne sommes pas responsables de leur contenu, politiques ou pratiques.<\/p>\n<p>Votre utilisation de sites tiers se fait \u00e0 vos propres risques et est soumise \u00e0 leurs conditions et politiques de confidentialit\u00e9.<\/p>\n<h2>8) Newsletter et communications<\/h2>\n<p>Si vous vous abonnez \u00e0 notre newsletter, vous acceptez de recevoir des communications de notre part. Vous pouvez vous d\u00e9sabonner \u00e0 tout moment<br \/>\nen utilisant le lien pr\u00e9sent dans nos e-mails. Les abonnements \u00e0 la newsletter sont g\u00e9r\u00e9s via <strong>MailerLite<\/strong> (ou un autre prestataire, le cas \u00e9ch\u00e9ant).<\/p>\n<h2>9) Clauses de non-responsabilit\u00e9<\/h2>\n<p>Le Site et son contenu sont fournis \u00ab&nbsp;en l\u2019\u00e9tat&nbsp;\u00bb et \u00ab&nbsp;selon disponibilit\u00e9&nbsp;\u00bb. Nous ne donnons aucune garantie,<br \/>\nexpresse ou implicite, concernant le Site, sa disponibilit\u00e9, son exactitude, son exhaustivit\u00e9 ou son ad\u00e9quation \u00e0 un usage particulier.<\/p>\n<p>Nous ne garantissons pas que le Site sera ininterrompu, s\u00e9curis\u00e9 ou exempt d\u2019erreurs, ni que les d\u00e9fauts seront corrig\u00e9s.<\/p>\n<h2>10) Limitation de responsabilit\u00e9<\/h2>\n<p>Dans la mesure maximale permise par la loi, nous ne saurions \u00eatre tenus responsables de tout dommage direct, indirect, accessoire, cons\u00e9cutif<br \/>\nou sp\u00e9cial d\u00e9coulant de ou li\u00e9 \u00e0 votre utilisation (ou impossibilit\u00e9 d\u2019utilisation) du Site.<\/p>\n<p>Cela inclut, sans limitation, la perte de profits, la perte de donn\u00e9es, l\u2019interruption d\u2019activit\u00e9, l\u2019atteinte \u00e0 la r\u00e9putation ou<br \/>\ndes dommages r\u00e9sultant de la confiance accord\u00e9e au contenu du Site.<\/p>\n<h2>11) Indemnisation<\/h2>\n<p>Vous acceptez de nous indemniser et de nous tenir indemnes de toute r\u00e9clamation, responsabilit\u00e9, dommage, perte et d\u00e9pense<br \/>\n(y compris les frais juridiques raisonnables) r\u00e9sultant de&nbsp;:<\/p>\n<ul>\n<li>Votre utilisation du Site<\/li>\n<li>Votre violation des pr\u00e9sentes Conditions<\/li>\n<li>Votre violation de toute loi ou des droits d\u2019un tiers<\/li>\n<li>Tout contenu que vous soumettez ou publiez via le Site<\/li>\n<\/ul>\n<h2>12) Modifications du Site<\/h2>\n<p>Nous pouvons mettre \u00e0 jour, modifier, suspendre ou interrompre toute partie du Site \u00e0 tout moment et sans pr\u00e9avis.<\/p>\n<h2>13) R\u00e9siliation<\/h2>\n<p>Nous pouvons restreindre ou mettre fin \u00e0 votre acc\u00e8s au Site imm\u00e9diatement, sans pr\u00e9avis, si nous estimons que vous avez<br \/>\nviol\u00e9 ces Conditions ou la loi applicable.<\/p>\n<h2>14) Confidentialit\u00e9<\/h2>\n<p>Votre utilisation du Site est \u00e9galement r\u00e9gie par notre <strong>Politique de confidentialit\u00e9<\/strong> et notre <strong>Politique relative aux cookies<\/strong>,<br \/>\nqui expliquent comment nous collectons et traitons les donn\u00e9es personnelles et comment les cookies sont utilis\u00e9s.<\/p>\n<h2>15) Droit applicable et juridiction<\/h2>\n<p>Les pr\u00e9sentes Conditions sont r\u00e9gies par les lois de <strong>[Votre pays]<\/strong>, sans \u00e9gard aux r\u00e8gles de conflit de lois.<br \/>\nTout litige relatif aux pr\u00e9sentes Conditions ou au Site sera soumis \u00e0 la juridiction exclusive des tribunaux de<br \/>\n<strong>[Votre ville\/pays]<\/strong>, sauf si la loi applicable exige autrement.<\/p>\n<h2>16) Divisibilit\u00e9<\/h2>\n<p>Si une disposition des pr\u00e9sentes Conditions est jug\u00e9e invalide ou inapplicable, les dispositions restantes resteront<br \/>\npleinement en vigueur.<\/p>\n<h2>17) Int\u00e9gralit\u00e9 de l\u2019accord<\/h2>\n<p>Les pr\u00e9sentes Conditions constituent l\u2019int\u00e9gralit\u00e9 de l\u2019accord entre vous et nous concernant votre utilisation du Site et remplacent tout<br \/>\naccord ou compr\u00e9hension ant\u00e9rieur.<\/p>\n<h2>18) Contact<\/h2>\n<p>Si vous avez des questions concernant ces Conditions, contactez&nbsp;:<\/p>\n<p><strong>[Votre nom \/ entreprise]<\/strong><br \/>\nE-mail&nbsp;: <strong>[votre e-mail de contact]<\/strong><br \/>\nAdresse&nbsp;: <strong>[votre adresse]<\/strong><\/p>\n","protected":false},"excerpt":{"rendered":"<p>Conditions g\u00e9n\u00e9rales d\u2019utilisation Derni\u00e8re mise \u00e0 jour&nbsp;: [JJ Mois AAAA] Les pr\u00e9sentes Conditions g\u00e9n\u00e9rales (\u00ab&nbsp;Conditions&nbsp;\u00bb) r\u00e9gissent votre acc\u00e8s et votre utilisation de silverlocks.org (le \u00ab&nbsp;Site&nbsp;\u00bb). En acc\u00e9dant \u00e0 ce Site ou en l\u2019utilisant, vous acceptez ces Conditions. Si vous n\u2019\u00eates pas d\u2019accord, veuillez ne pas utiliser le Site. 1) \u00c0 propos de nous Site&nbsp;: silverlocks.org &hellip;<\/p>\n","protected":false},"author":1,"featured_media":0,"parent":0,"menu_order":0,"comment_status":"closed","ping_status":"closed","template":"","meta":{"footnotes":""},"class_list":["post-19","page","type-page","status-publish"],"_links":{"self":[{"href":"https:\/\/www.silverlocks.org\/fr\/wp-json\/wp\/v2\/pages\/19","targetHints":{"allow":["GET"]}}],"collection":[{"href":"https:\/\/www.silverlocks.org\/fr\/wp-json\/wp\/v2\/pages"}],"about":[{"href":"https:\/\/www.silverlocks.org\/fr\/wp-json\/wp\/v2\/types\/page"}],"author":[{"embeddable":true,"href":"https:\/\/www.silverlocks.org\/fr\/wp-json\/wp\/v2\/users\/1"}],"replies":[{"embeddable":true,"href":"https:\/\/www.silverlocks.org\/fr\/wp-json\/wp\/v2\/comments?post=19"}],"version-history":[{"count":2,"href":"https:\/\/www.silverlocks.org\/fr\/wp-json\/wp\/v2\/pages\/19\/revisions"}],"predecessor-version":[{"id":21,"href":"https:\/\/www.silverlocks.org\/fr\/wp-json\/wp\/v2\/pages\/19\/revisions\/21"}],"wp:attachment":[{"href":"https:\/\/www.silverlocks.org\/fr\/wp-json\/wp\/v2\/media?parent=19"}],"curies":[{"name":"wp","href":"https:\/\/api.w.org\/{rel}","templated":true}]}}