{"id":25,"date":"2026-02-22T21:46:09","date_gmt":"2026-02-22T21:46:09","guid":{"rendered":"https:\/\/www.silverlocks.org\/fr\/?page_id=25"},"modified":"2026-02-22T21:53:56","modified_gmt":"2026-02-22T21:53:56","slug":"accessibility","status":"publish","type":"page","link":"https:\/\/www.silverlocks.org\/fr\/accessibility\/","title":{"rendered":"Accessibilit\u00e9 web"},"content":{"rendered":"<h1>Notre engagement en faveur de l\u2019accessibilit\u00e9 web<\/h1>\n<p>[YOUR COMPANY NAME] s\u2019engage \u00e0 offrir une exp\u00e9rience de site web pleinement accessible \u00e0 tous les utilisateurs, quelles que soient leurs capacit\u00e9s, y compris ceux qui s\u2019appuient sur des technologies d\u2019assistance telles que les lecteurs d\u2019\u00e9cran, les logiciels d\u2019agrandissement d\u2019\u00e9cran et des dispositifs alternatifs de saisie au clavier pour naviguer sur le web.<\/p>\n<h2><strong>Efforts continus pour garantir l\u2019accessibilit\u00e9<\/strong><\/h2>\n<p>Nous suivons les <a href=\"https:\/\/www.w3.org\/TR\/WCAG21\/\" target=\"_blank\" rel=\"noopener\">Web Content Accessibility Guidelines (WCAG) version 2.1<\/a> comme principe directeur pour \u00e9valuer l\u2019accessibilit\u00e9. Il s\u2019agit de normes reconnues internationalement qui couvrent un large \u00e9ventail de recommandations et de bonnes pratiques visant \u00e0 rendre le contenu utilisable. \u00c0 mesure que nous ajoutons de nouvelles pages et fonctionnalit\u00e9s \u00e0 notre site, l\u2019ensemble des designs, du code et des pratiques de publication de contenu sont v\u00e9rifi\u00e9s au regard de ces normes.<\/p>\n<p>L\u2019accessibilit\u00e9 du site web est un processus continu. Nous testons r\u00e9guli\u00e8rement les contenus et fonctionnalit\u00e9s afin d\u2019assurer la conformit\u00e9 WCAG 2.1 Niveau AA et corrigeons tout probl\u00e8me afin de garantir que nous respectons ou d\u00e9passons ces standards. Les tests de notre site sont effectu\u00e9s par les membres de notre \u00e9quipe \u00e0 l\u2019aide d\u2019outils reconnus dans le secteur, tels que le <a href=\"https:\/\/a11ychecker.com\/?utm_source=accessibility-checker&amp;utm_medium=software&amp;utm_campaign=wordpress-general\" target=\"_blank\" rel=\"noopener\">plugin Accessibility Checker pour WordPress<\/a>, des analyseurs de contraste des couleurs, des techniques de navigation au clavier uniquement et des tests de lisibilit\u00e9 Flesch-Kincaid.<\/p>\n<h2>Fonctionnalit\u00e9s d\u2019accessibilit\u00e9 sur notre site<\/h2>\n<p>Voici une liste d\u2019\u00e9l\u00e9ments que nous avons int\u00e9gr\u00e9s \u00e0 notre site afin d\u2019am\u00e9liorer son accessibilit\u00e9&nbsp;:<\/p>\n<ul>\n<li>[LISTEZ ICI LES FONCTIONNALIT\u00c9S D\u2019ACCESSIBILIT\u00c9]<\/li>\n<\/ul>\n<h2>Axes d\u2019am\u00e9lioration<\/h2>\n<p>Dans le cadre de nos efforts pour mettre notre site aux normes, nous ciblons les domaines suivants&nbsp;:<\/p>\n<ul>\n<li>[LISTEZ ICI LES \u00c9L\u00c9MENTS QUE VOUS CHERCHEZ \u00c0 CORRIGER]<\/li>\n<li>[IL PEUT \u00caTRE UTILE DE CONSULTER L\u2019ONGLET \u00ab&nbsp;OPEN ISSUES&nbsp;\u00bb POUR VOIR LES PROBL\u00c8MES LES PLUS COURANTS]<\/li>\n<\/ul>\n<p>Cela s\u2019inscrit dans notre d\u00e9marche globale visant \u00e0 rendre l\u2019exp\u00e9rience de chacun chez [COMPANY NAME] accueillante et agr\u00e9able. Veuillez noter que, bien que nous fassions tout notre possible pour fournir des informations accessibles \u00e0 tous les utilisateurs, nous ne pouvons pas garantir l\u2019accessibilit\u00e9 des sites web tiers vers lesquels nous pouvons renvoyer.<\/p>\n<h2>Contact d\u2019assistance accessibilit\u00e9<\/h2>\n<p>Nous accueillons volontiers vos commentaires, questions et retours concernant notre site. Si vous utilisez des technologies d\u2019assistance et rencontrez des difficult\u00e9s pour utiliser notre site, veuillez envoyer un e-mail \u00e0 [YOUR ACCESSIBILITY EMAIL ADDRESS] ou nous appeler au [YOUR PHONE NUMBER]. Nous ferons de notre mieux pour vous aider et r\u00e9soudre les probl\u00e8mes.<\/p>\n","protected":false},"excerpt":{"rendered":"<p>Notre engagement en faveur de l\u2019accessibilit\u00e9 web [YOUR COMPANY NAME] s\u2019engage \u00e0 offrir une exp\u00e9rience de site web pleinement accessible \u00e0 tous les utilisateurs, quelles que soient leurs capacit\u00e9s, y compris ceux qui s\u2019appuient sur des technologies d\u2019assistance telles que les lecteurs d\u2019\u00e9cran, les logiciels d\u2019agrandissement d\u2019\u00e9cran et des dispositifs alternatifs de saisie au clavier &hellip;<\/p>\n","protected":false},"author":1,"featured_media":0,"parent":0,"menu_order":0,"comment_status":"closed","ping_status":"closed","template":"","meta":{"footnotes":""},"class_list":["post-25","page","type-page","status-publish"],"_links":{"self":[{"href":"https:\/\/www.silverlocks.org\/fr\/wp-json\/wp\/v2\/pages\/25","targetHints":{"allow":["GET"]}}],"collection":[{"href":"https:\/\/www.silverlocks.org\/fr\/wp-json\/wp\/v2\/pages"}],"about":[{"href":"https:\/\/www.silverlocks.org\/fr\/wp-json\/wp\/v2\/types\/page"}],"author":[{"embeddable":true,"href":"https:\/\/www.silverlocks.org\/fr\/wp-json\/wp\/v2\/users\/1"}],"replies":[{"embeddable":true,"href":"https:\/\/www.silverlocks.org\/fr\/wp-json\/wp\/v2\/comments?post=25"}],"version-history":[{"count":3,"href":"https:\/\/www.silverlocks.org\/fr\/wp-json\/wp\/v2\/pages\/25\/revisions"}],"predecessor-version":[{"id":28,"href":"https:\/\/www.silverlocks.org\/fr\/wp-json\/wp\/v2\/pages\/25\/revisions\/28"}],"wp:attachment":[{"href":"https:\/\/www.silverlocks.org\/fr\/wp-json\/wp\/v2\/media?parent=25"}],"curies":[{"name":"wp","href":"https:\/\/api.w.org\/{rel}","templated":true}]}}