{"id":35,"date":"2026-02-22T22:43:59","date_gmt":"2026-02-22T22:43:59","guid":{"rendered":"https:\/\/www.silverlocks.org\/fr\/?page_id=35"},"modified":"2026-02-22T22:46:48","modified_gmt":"2026-02-22T22:46:48","slug":"a-propos","status":"publish","type":"page","link":"https:\/\/www.silverlocks.org\/fr\/a-propos\/","title":{"rendered":"\u00c0 propos"},"content":{"rendered":"<h2>Bienvenue sur Silverlocks&nbsp;!<\/h2>\n<p>Silverlocks est un chez-soi en ligne pour les femmes de plus de 45 ans qui veulent plus de la mi-vie que des clich\u00e9s et de l\u2019invisibilit\u00e9. C\u2019est un espace pour celles qui sont curieuses, r\u00e9fl\u00e9chies, et pr\u00eates \u00e0 prendre soin d\u2019elles-m\u00eames autant qu\u2019elles prennent soin des autres.<\/p>\n<p>Ici, vous trouverez des articles honn\u00eates sur la m\u00e9nopause, la sant\u00e9 et le bien-\u00eatre, la sant\u00e9 mentale, le TDAH \u00e0 l\u2019\u00e2ge adulte et ce que l\u2019on ressent vraiment en vieillissant dans le monde d\u2019aujourd\u2019hui. Silverlocks rassemble des r\u00e9cits, des conseils pratiques et des rep\u00e8res pour vous aider \u00e0 traverser les changements du corps, des relations, du travail et de l\u2019identit\u00e9 avec plus de s\u00e9r\u00e9nit\u00e9 et de respect de soi.<\/p>\n<p>Silverlocks croit que la mi-vie n\u2019est pas une fin, mais un commencement \u00e0 part enti\u00e8re. Cet espace est d\u00e9di\u00e9 \u00e0 bousculer les st\u00e9r\u00e9otypes et \u00e0 c\u00e9l\u00e9brer la profondeur, l\u2019humour et la libert\u00e9 qui viennent avec l\u2019exp\u00e9rience. Que vous soyez en train de r\u00e9inventer votre vie ou simplement \u00e0 la recherche d\u2019histoires vraies qui vous ressemblent, Silverlocks est l\u00e0 pour offrir inspiration, lien et soutien dans cette \u00ab&nbsp;saison argent\u00e9e&nbsp;\u00bb de votre vie.<\/p>\n","protected":false},"excerpt":{"rendered":"<p>Bienvenue sur Silverlocks&nbsp;! Silverlocks est un chez-soi en ligne pour les femmes de plus de 45 ans qui veulent plus de la mi-vie que des clich\u00e9s et de l\u2019invisibilit\u00e9. C\u2019est un espace pour celles qui sont curieuses, r\u00e9fl\u00e9chies, et pr\u00eates \u00e0 prendre soin d\u2019elles-m\u00eames autant qu\u2019elles prennent soin des autres. Ici, vous trouverez des articles &hellip;<\/p>\n","protected":false},"author":1,"featured_media":0,"parent":0,"menu_order":0,"comment_status":"closed","ping_status":"closed","template":"","meta":{"footnotes":""},"class_list":["post-35","page","type-page","status-publish"],"_links":{"self":[{"href":"https:\/\/www.silverlocks.org\/fr\/wp-json\/wp\/v2\/pages\/35","targetHints":{"allow":["GET"]}}],"collection":[{"href":"https:\/\/www.silverlocks.org\/fr\/wp-json\/wp\/v2\/pages"}],"about":[{"href":"https:\/\/www.silverlocks.org\/fr\/wp-json\/wp\/v2\/types\/page"}],"author":[{"embeddable":true,"href":"https:\/\/www.silverlocks.org\/fr\/wp-json\/wp\/v2\/users\/1"}],"replies":[{"embeddable":true,"href":"https:\/\/www.silverlocks.org\/fr\/wp-json\/wp\/v2\/comments?post=35"}],"version-history":[{"count":1,"href":"https:\/\/www.silverlocks.org\/fr\/wp-json\/wp\/v2\/pages\/35\/revisions"}],"predecessor-version":[{"id":36,"href":"https:\/\/www.silverlocks.org\/fr\/wp-json\/wp\/v2\/pages\/35\/revisions\/36"}],"wp:attachment":[{"href":"https:\/\/www.silverlocks.org\/fr\/wp-json\/wp\/v2\/media?parent=35"}],"curies":[{"name":"wp","href":"https:\/\/api.w.org\/{rel}","templated":true}]}}