{"id":13,"date":"2026-02-22T20:15:44","date_gmt":"2026-02-22T20:15:44","guid":{"rendered":"https:\/\/www.silverlocks.org\/pl\/?page_id=13"},"modified":"2026-02-22T20:24:44","modified_gmt":"2026-02-22T20:24:44","slug":"cookies","status":"publish","type":"page","link":"https:\/\/www.silverlocks.org\/pl\/cookies\/","title":{"rendered":"Polityka plik\u00f3w cookie"},"content":{"rendered":"<h1>Polityka plik\u00f3w cookie<\/h1>\n<p><strong>Ostatnia aktualizacja:<\/strong> [DD Miesi\u0105c RRRR]<\/p>\n<p>Niniejsza Polityka plik\u00f3w cookie wyja\u015bnia, czym s\u0105 pliki cookie, w jaki spos\u00f3b <strong>silverlocks.org<\/strong> (\u201emy\u201d, \u201enas\u201d, \u201enasz\/nasza\u201d) wykorzystuje pliki cookie i podobne technologie<br \/>\noraz jak mo\u017cna nimi zarz\u0105dza\u0107.<\/p>\n<p>Niniejsz\u0105 polityk\u0119 nale\u017cy czyta\u0107 \u0142\u0105cznie z nasz\u0105 <strong>Polityk\u0105 prywatno\u015bci<\/strong>.<\/p>\n<hr \/>\n<h2>1) Czym s\u0105 pliki cookie?<\/h2>\n<p>Pliki cookie to ma\u0142e pliki tekstowe zapisywane na Twoim urz\u0105dzeniu (komputerze, smartfonie, tablecie) podczas odwiedzania strony internetowej. Pliki cookie s\u0105 powszechnie u\u017cywane, aby<br \/>\numo\u017cliwi\u0107 dzia\u0142anie stron internetowych, poprawi\u0107 funkcjonalno\u015b\u0107, zwi\u0119kszy\u0107 bezpiecze\u0144stwo oraz dostarcza\u0107 informacje raportowe.<\/p>\n<h2>2) Podobne technologie, z kt\u00f3rych mo\u017cemy korzysta\u0107<\/h2>\n<p>Opr\u00f3cz plik\u00f3w cookie mo\u017cemy stosowa\u0107 podobne technologie, takie jak:<\/p>\n<ul>\n<li><strong>Pami\u0119\u0107 lokalna<\/strong> (przechowywana w przegl\u0105darce)<\/li>\n<li><strong>Piksele \/ znaczniki \u015bledz\u0105ce<\/strong> (ma\u0142e fragmenty kodu rejestruj\u0105ce zdarzenia)<\/li>\n<li><strong>Identyfikatory urz\u0105dzenia<\/strong> oraz inne identyfikatory techniczne<\/li>\n<\/ul>\n<h2>3) Dlaczego u\u017cywamy plik\u00f3w cookie<\/h2>\n<p>U\u017cywamy plik\u00f3w cookie i podobnych technologii w nast\u0119puj\u0105cych celach:<\/p>\n<ul>\n<li><strong>Niezb\u0119dne dzia\u0142anie<\/strong> (funkcjonalno\u015b\u0107 serwisu, bezpiecze\u0144stwo i wydajno\u015b\u0107)<\/li>\n<li><strong>Preferencje<\/strong> (zapami\u0119tywanie wybor\u00f3w i ustawie\u0144 u\u017cytkownika)<\/li>\n<li><strong>Analityka<\/strong> (zrozumienie, jak odwiedzaj\u0105cy korzystaj\u0105 z serwisu dzi\u0119ki Google Analytics)<\/li>\n<li><strong>Zarz\u0105dzanie tagami<\/strong> (\u0142adowanie i kontrolowanie tag\u00f3w przez Google Tag Manager)<\/li>\n<li><strong>Marketing<\/strong> (tylko je\u015bli w\u0142\u0105czony i tylko za Twoj\u0105 zgod\u0105)<\/li>\n<\/ul>\n<h2>4) Rodzaje plik\u00f3w cookie, kt\u00f3rych u\u017cywamy<\/h2>\n<h3>4.1 \u015aci\u015ble niezb\u0119dne (niezb\u0119dne) pliki cookie<\/h3>\n<p>Te pliki cookie s\u0105 wymagane do prawid\u0142owego dzia\u0142ania serwisu. Wspieraj\u0105 kluczowe funkcje, takie jak bezpiecze\u0144stwo, zarz\u0105dzanie sieci\u0105<br \/>\noraz dost\u0119pno\u015b\u0107. Nie mo\u017cna ich w pe\u0142ni wy\u0142\u0105czy\u0107 za pomoc\u0105 narz\u0119dzi zgody, poniewa\u017c serwis mo\u017ce nie dzia\u0142a\u0107 poprawnie bez tych plik\u00f3w cookie.<\/p>\n<p><strong>Przyk\u0142ady zastosowa\u0144 niezb\u0119dnych plik\u00f3w cookie:<\/strong><\/p>\n<ul>\n<li>Zapami\u0119tywanie ustawie\u0144 bezpiecze\u0144stwa i zapobieganie oszustwom<\/li>\n<li>Utrzymywanie podstawowej stabilno\u015bci i wydajno\u015bci serwisu<\/li>\n<li>Ochrona serwisu przed z\u0142o\u015bliwym ruchem<\/li>\n<\/ul>\n<h3>4.2 Pliki cookie preferencji<\/h3>\n<p>Te pliki cookie pomagaj\u0105 serwisowi zapami\u0119tywa\u0107 dokonywane przez Ciebie wybory (np. preferencje j\u0119zykowe lub ustawienia wy\u015bwietlania).<\/p>\n<h3>4.3 Pliki cookie analityczne (Google Analytics)<\/h3>\n<p>Korzystamy z <strong>Google Analytics<\/strong>, aby zrozumie\u0107, jak odwiedzaj\u0105cy wchodz\u0105 w interakcj\u0119 z naszym serwisem oraz aby poprawia\u0107 tre\u015bci i wydajno\u015b\u0107.<br \/>\nTe pliki cookie mog\u0105 zbiera\u0107 informacje takie jak:<\/p>\n<ul>\n<li>Strony, kt\u00f3re odwiedzasz, i czas sp\u0119dzony w serwisie<\/li>\n<li>Spos\u00f3b wej\u015bcia do serwisu (odno\u015bnik\/\u017ar\u00f3d\u0142o)<\/li>\n<li>Typ urz\u0105dzenia, przegl\u0105darka i system operacyjny<\/li>\n<li>Przybli\u017cona lokalizacja (na podstawie adresu IP)<\/li>\n<li>Interakcje takie jak przewijanie lub klikni\u0119cia (w zale\u017cno\u015bci od konfiguracji)<\/li>\n<\/ul>\n<p>Google Analytics mo\u017ce przetwarza\u0107 te informacje na serwerach poza Twoim krajem. Tam, gdzie jest to wymagane, opieramy si\u0119 na zgodnych z prawem mechanizmach transferu i zabezpieczeniach.<\/p>\n<p><strong>Uwaga:<\/strong> Pliki cookie analityczne s\u0105 wykorzystywane wy\u0142\u0105cznie tam, gdzie jest to wymagane, za Twoj\u0105 zgod\u0105 (w zale\u017cno\u015bci od jurysdykcji i konfiguracji banera cookies).<\/p>\n<h3>4.4 Zarz\u0105dzanie tagami (Google Tag Manager)<\/h3>\n<p>U\u017cywamy <strong>Google Tag Manager (GTM)<\/strong> do zarz\u0105dzania i wdra\u017cania skrypt\u00f3w (\u201etag\u00f3w\u201d) w naszym serwisie.<br \/>\nSam GTM zazwyczaj nie ustawia plik\u00f3w cookie ani nie przechowuje danych osobowych; mo\u017ce jednak \u0142adowa\u0107 tagi stron trzecich (np. Google Analytics),<br \/>\nkt\u00f3re mog\u0105 ustawia\u0107 pliki cookie lub zbiera\u0107 informacje.<\/p>\n<h3>4.5 Pliki cookie marketingowe (je\u015bli w\u0142\u0105czone)<\/h3>\n<p>Pliki cookie marketingowe mog\u0105 s\u0142u\u017cy\u0107 do \u015bledzenia odwiedzaj\u0105cych w r\u00f3\u017cnych serwisach i wy\u015bwietlania dopasowanych reklam.<br \/>\n<strong>U\u017cywamy plik\u00f3w cookie marketingowych tylko wtedy, gdy zosta\u0142y w\u0142\u0105czone i wyrazi\u0142e\u015b(-a\u015b) zgod\u0119<\/strong>.<br \/>\nPliki cookie marketingowe mog\u0105 by\u0107 ustawiane przez systemy Google lub innych dostawc\u00f3w stron trzecich skonfigurowanych za po\u015brednictwem Google Tag Manager.<\/p>\n<h2>5) Pliki cookie WordPress<\/h2>\n<p>Jako serwis oparty na WordPress, silverlocks.org mo\u017ce u\u017cywa\u0107 plik\u00f3w cookie wspieraj\u0105cych standardowe funkcje WordPress.<br \/>\nU\u017cywane pliki cookie zale\u017c\u0105 od Twojej interakcji z serwisem.<\/p>\n<h3>5.1 Komentarze (je\u015bli w\u0142\u0105czone)<\/h3>\n<p>Je\u015bli dodasz komentarz, WordPress mo\u017ce zapisa\u0107 pliki cookie, aby zapami\u0119ta\u0107 Twoje dane dla wygody, tak aby nie trzeba by\u0142o wpisywa\u0107 ich ponownie nast\u0119pnym razem.<br \/>\nTe pliki cookie mog\u0105 przechowywa\u0107:<\/p>\n<ul>\n<li>Twoje imi\u0119<\/li>\n<li>Tw\u00f3j adres e-mail<\/li>\n<li>Twoj\u0105 stron\u0119 internetow\u0105 (opcjonalnie)<\/li>\n<\/ul>\n<p>Te pliki cookie s\u0105 zwykle ustawiane tylko wtedy, gdy wybierzesz opcj\u0119 \u201ezapami\u0119taj mnie\u201d (je\u015bli jest dost\u0119pna).<\/p>\n<h3>5.2 Pliki cookie logowania \/ administracyjne (je\u015bli masz konto)<\/h3>\n<p>Je\u015bli logujesz si\u0119 do serwisu (np. jako administrator lub edytor), WordPress ustawia pliki cookie do obs\u0142ugi uwierzytelniania i sesji u\u017cytkownika.<br \/>\nTe pliki cookie s\u0105 niezb\u0119dne dla funkcji logowania i bezpiecze\u0144stwa.<\/p>\n<h2>6) Pliki cookie MailerLite (formularze newslettera)<\/h2>\n<p>U\u017cywamy <strong>MailerLite<\/strong> do obs\u0142ugi subskrypcji newslettera i komunikacji e-mail. Je\u015bli osadzamy w serwisie formularze MailerLite,<br \/>\nMailerLite mo\u017ce ustawia\u0107 pliki cookie lub korzysta\u0107 z podobnych technologii w celu:<\/p>\n<ul>\n<li>Zapewnienia dzia\u0142ania osadzonych formularzy<\/li>\n<li>Zapobiegania nadu\u017cyciom i poprawy bezpiecze\u0144stwa formularzy<\/li>\n<li>Mierzenia skuteczno\u015bci formularzy (np. konwersji)<\/li>\n<\/ul>\n<p>Je\u015bli w\u0142\u0105czymy funkcje \u015bledzenia w wiadomo\u015bciach MailerLite (np. \u015bledzenie otwar\u0107 i klikni\u0119\u0107), MailerLite mo\u017ce r\u00f3wnie\u017c zbiera\u0107 dane o zaanga\u017cowaniu, gdy wchodzisz w interakcj\u0119 z naszymi e-mailami.<\/p>\n<h2>7) Lista plik\u00f3w cookie (przyk\u0142ady)<\/h2>\n<p>Dok\u0142adne pliki cookie na Twoim urz\u0105dzeniu zale\u017c\u0105 od Twoich wybor\u00f3w (ustawie\u0144 zgody), konfiguracji przegl\u0105darki oraz sposobu, w jaki serwis jest konfigurowany w czasie.<br \/>\nPoni\u017cej znajduje si\u0119 niewyczerpuj\u0105ca lista typowych kategorii i przyk\u0142ad\u00f3w plik\u00f3w cookie, kt\u00f3re mog\u0105 si\u0119 pojawi\u0107.<\/p>\n<table style=\"width: 100%; border-collapse: collapse; margin: 14px 0;\">\n<thead>\n<tr>\n<th style=\"text-align: left; border: 1px solid #ddd; padding: 10px;\">Kategoria<\/th>\n<th style=\"text-align: left; border: 1px solid #ddd; padding: 10px;\">Dostawca<\/th>\n<th style=\"text-align: left; border: 1px solid #ddd; padding: 10px;\">Cel<\/th>\n<th style=\"text-align: left; border: 1px solid #ddd; padding: 10px;\">Typowe przyk\u0142ady<\/th>\n<th style=\"text-align: left; border: 1px solid #ddd; padding: 10px;\">Okres przechowywania<\/th>\n<\/tr>\n<\/thead>\n<tbody>\n<tr>\n<td style=\"border: 1px solid #ddd; padding: 10px;\"><strong>Niezb\u0119dne<\/strong><\/td>\n<td style=\"border: 1px solid #ddd; padding: 10px;\">WordPress \/ Hosting \/ Narz\u0119dzia bezpiecze\u0144stwa<\/td>\n<td style=\"border: 1px solid #ddd; padding: 10px;\">Podstawowe dzia\u0142anie serwisu, bezpiecze\u0144stwo, stabilno\u015b\u0107<\/td>\n<td style=\"border: 1px solid #ddd; padding: 10px;\">Zale\u017cy od konfiguracji<\/td>\n<td style=\"border: 1px solid #ddd; padding: 10px;\">Sesyjne do trwa\u0142ych<\/td>\n<\/tr>\n<tr>\n<td style=\"border: 1px solid #ddd; padding: 10px;\"><strong>Preferencje<\/strong><\/td>\n<td style=\"border: 1px solid #ddd; padding: 10px;\">WordPress<\/td>\n<td style=\"border: 1px solid #ddd; padding: 10px;\">Zapami\u0119tywanie ustawie\u0144 i wybor\u00f3w u\u017cytkownika<\/td>\n<td style=\"border: 1px solid #ddd; padding: 10px;\">Mo\u017ce obejmowa\u0107 pliki cookie autora komentarza<\/td>\n<td style=\"border: 1px solid #ddd; padding: 10px;\">Dni do miesi\u0119cy<\/td>\n<\/tr>\n<tr>\n<td style=\"border: 1px solid #ddd; padding: 10px;\"><strong>Analityka<\/strong><\/td>\n<td style=\"border: 1px solid #ddd; padding: 10px;\">Google Analytics<\/td>\n<td style=\"border: 1px solid #ddd; padding: 10px;\">Pomiar ruchu, wnioski dot. wydajno\u015bci<\/td>\n<td style=\"border: 1px solid #ddd; padding: 10px;\">_ga, _ga_*, _gid (przyk\u0142ady)<\/td>\n<td style=\"border: 1px solid #ddd; padding: 10px;\">Minuty do miesi\u0119cy<\/td>\n<\/tr>\n<tr>\n<td style=\"border: 1px solid #ddd; padding: 10px;\"><strong>Zarz\u0105dzanie tagami<\/strong><\/td>\n<td style=\"border: 1px solid #ddd; padding: 10px;\">Google Tag Manager<\/td>\n<td style=\"border: 1px solid #ddd; padding: 10px;\">\u0141adowanie i kontrola tag\u00f3w stron trzecich<\/td>\n<td style=\"border: 1px solid #ddd; padding: 10px;\">Zale\u017cy (od wdro\u017conych tag\u00f3w)<\/td>\n<td style=\"border: 1px solid #ddd; padding: 10px;\">Zale\u017cy<\/td>\n<\/tr>\n<tr>\n<td style=\"border: 1px solid #ddd; padding: 10px;\"><strong>Marketing<\/strong><\/td>\n<td style=\"border: 1px solid #ddd; padding: 10px;\">Google \/ Strony trzecie (je\u015bli w\u0142\u0105czone)<\/td>\n<td style=\"border: 1px solid #ddd; padding: 10px;\">Pomiar i targetowanie reklam<\/td>\n<td style=\"border: 1px solid #ddd; padding: 10px;\">Zale\u017cy od dostawcy<\/td>\n<td style=\"border: 1px solid #ddd; padding: 10px;\">Dni do miesi\u0119cy<\/td>\n<\/tr>\n<tr>\n<td style=\"border: 1px solid #ddd; padding: 10px;\"><strong>Newsletter<\/strong><\/td>\n<td style=\"border: 1px solid #ddd; padding: 10px;\">MailerLite<\/td>\n<td style=\"border: 1px solid #ddd; padding: 10px;\">Osadzone formularze, ochrona przed nadu\u017cyciami, pomiar<\/td>\n<td style=\"border: 1px solid #ddd; padding: 10px;\">Zale\u017cy od konfiguracji<\/td>\n<td style=\"border: 1px solid #ddd; padding: 10px;\">Zale\u017cy<\/td>\n<\/tr>\n<\/tbody>\n<\/table>\n<p style=\"font-size: 14px; opacity: 0.9;\"><strong>Uwaga:<\/strong> Nazwy i okresy przechowywania plik\u00f3w cookie mog\u0105 ulec zmianie w wyniku aktualizacji WordPress, wtyczek, us\u0142ug Google lub zmian konfiguracji.<\/p>\n<h2>8) Zarz\u0105dzanie preferencjami dotycz\u0105cymi plik\u00f3w cookie<\/h2>\n<h3>8.1 Baner cookies \/ narz\u0119dzie zgody<\/h3>\n<p>Je\u015bli korzystamy z banera cookies lub narz\u0119dzia do zarz\u0105dzania zgod\u0105, mo\u017cesz w dowolnym momencie zaktualizowa\u0107 swoje preferencje za pomoc\u0105 opcji ustawie\u0144 cookies<br \/>\nwy\u015bwietlanej w serwisie (je\u015bli jest dost\u0119pna).<\/p>\n<h3>8.2 Ustawienia przegl\u0105darki<\/h3>\n<p>Wi\u0119kszo\u015b\u0107 przegl\u0105darek umo\u017cliwia zarz\u0105dzanie plikami cookie w ustawieniach. Zwykle mo\u017cesz:<\/p>\n<ul>\n<li>usun\u0105\u0107 pliki cookie zapisane na urz\u0105dzeniu<\/li>\n<li>zablokowa\u0107 wszystkie pliki cookie<\/li>\n<li>zablokowa\u0107 pliki cookie stron trzecich<\/li>\n<li>ustawi\u0107 regu\u0142y dla konkretnych stron internetowych<\/li>\n<\/ul>\n<p>Je\u015bli ca\u0142kowicie wy\u0142\u0105czysz pliki cookie, niekt\u00f3re funkcje tego serwisu mog\u0105 nie dzia\u0142a\u0107 prawid\u0142owo.<\/p>\n<h3>8.3 Rezygnacja z Google Analytics<\/h3>\n<p>Mo\u017cesz ograniczy\u0107 \u015bledzenie Google Analytics poprzez ustawienia cookies w tym serwisie (je\u015bli dost\u0119pne) i\/lub korzystaj\u0105c z<br \/>\nustawie\u0144 prywatno\u015bci przegl\u0105darki lub rozszerze\u0144. Niekt\u00f3rzy u\u017cytkownicy wybieraj\u0105 tak\u017ce ustawienia prywatno\u015bci przegl\u0105darki, kt\u00f3re ograniczaj\u0105 \u015bledzenie.<\/p>\n<h2>9) Podstawa prawna u\u017cywania plik\u00f3w cookie<\/h2>\n<p>Zgodnie z RODO oraz obowi\u0105zuj\u0105cymi zasadami ePrivacy, podstawa prawna zale\u017cy od rodzaju plik\u00f3w cookie:<\/p>\n<ul>\n<li><strong>Niezb\u0119dne pliki cookie:<\/strong> uzasadniony interes (konieczny do zapewnienia bezpiecznego i funkcjonalnego serwisu)<\/li>\n<li><strong>Analityczne \/ marketingowe pliki cookie:<\/strong> zgoda (tam, gdzie jest wymagana)<\/li>\n<\/ul>\n<h2>10) Mi\u0119dzynarodowe transfery danych<\/h2>\n<p>Niekt\u00f3rzy dostawcy zewn\u0119trzni (tacy jak Google i MailerLite) mog\u0105 przetwarza\u0107 informacje poza Europejskim Obszarem Gospodarczym (EOG).<br \/>\nTam, gdzie jest to wymagane, stosujemy odpowiednie zabezpieczenia, takie jak Standardowe Klauzule Umowne (SCC) lub inne zgodne z prawem mechanizmy transferu.<\/p>\n<h2>11) Aktualizacje niniejszej Polityki plik\u00f3w cookie<\/h2>\n<p>Mo\u017cemy od czasu do czasu aktualizowa\u0107 niniejsz\u0105 Polityk\u0119 plik\u00f3w cookie, aby odzwierciedla\u0142a zmiany technologiczne, wymogi prawne lub konfiguracj\u0119 serwisu.<br \/>\nZaktualizowana wersja zostanie opublikowana na tej stronie wraz ze zmienion\u0105 dat\u0105 \u201eOstatnia aktualizacja\u201d.<\/p>\n<h2>12) Kontakt<\/h2>\n<p>Je\u015bli masz pytania dotycz\u0105ce niniejszej Polityki plik\u00f3w cookie, skontaktuj si\u0119 z nami:<\/p>\n<p><strong>[Twoje imi\u0119 i nazwisko \/ firma]<\/strong><br \/>\nEmail: <strong>[Tw\u00f3j adres e-mail do kontaktu]<\/strong><br \/>\nAdres: <strong>[Tw\u00f3j adres]<\/strong><\/p>\n","protected":false},"excerpt":{"rendered":"<p>Polityka plik\u00f3w cookie Ostatnia aktualizacja: [DD Miesi\u0105c RRRR] Niniejsza Polityka plik\u00f3w cookie wyja\u015bnia, czym s\u0105 pliki cookie, w jaki spos\u00f3b silverlocks.org (\u201emy\u201d, \u201enas\u201d, \u201enasz\/nasza\u201d) wykorzystuje pliki cookie i podobne technologie oraz jak mo\u017cna nimi zarz\u0105dza\u0107. Niniejsz\u0105 polityk\u0119 nale\u017cy czyta\u0107 \u0142\u0105cznie z nasz\u0105 Polityk\u0105 prywatno\u015bci. 1) Czym s\u0105 pliki cookie? Pliki cookie to ma\u0142e pliki tekstowe &hellip;<\/p>\n","protected":false},"author":1,"featured_media":0,"parent":0,"menu_order":0,"comment_status":"closed","ping_status":"closed","template":"","meta":{"footnotes":""},"class_list":["post-13","page","type-page","status-publish"],"_links":{"self":[{"href":"https:\/\/www.silverlocks.org\/pl\/wp-json\/wp\/v2\/pages\/13","targetHints":{"allow":["GET"]}}],"collection":[{"href":"https:\/\/www.silverlocks.org\/pl\/wp-json\/wp\/v2\/pages"}],"about":[{"href":"https:\/\/www.silverlocks.org\/pl\/wp-json\/wp\/v2\/types\/page"}],"author":[{"embeddable":true,"href":"https:\/\/www.silverlocks.org\/pl\/wp-json\/wp\/v2\/users\/1"}],"replies":[{"embeddable":true,"href":"https:\/\/www.silverlocks.org\/pl\/wp-json\/wp\/v2\/comments?post=13"}],"version-history":[{"count":2,"href":"https:\/\/www.silverlocks.org\/pl\/wp-json\/wp\/v2\/pages\/13\/revisions"}],"predecessor-version":[{"id":15,"href":"https:\/\/www.silverlocks.org\/pl\/wp-json\/wp\/v2\/pages\/13\/revisions\/15"}],"wp:attachment":[{"href":"https:\/\/www.silverlocks.org\/pl\/wp-json\/wp\/v2\/media?parent=13"}],"curies":[{"name":"wp","href":"https:\/\/api.w.org\/{rel}","templated":true}]}}