{"id":22,"date":"2026-02-22T20:56:46","date_gmt":"2026-02-22T20:56:46","guid":{"rendered":"https:\/\/www.silverlocks.org\/pl\/?page_id=22"},"modified":"2026-02-22T21:00:34","modified_gmt":"2026-02-22T21:00:34","slug":"terms","status":"publish","type":"page","link":"https:\/\/www.silverlocks.org\/pl\/terms\/","title":{"rendered":"Regulamin strony"},"content":{"rendered":"<h1>Regulamin strony<\/h1>\n<p><strong>Ostatnia aktualizacja:<\/strong> [DD Miesi\u0105c RRRR]<\/p>\n<p>Niniejsze Warunki korzystania (\u201eRegulamin\u201d) reguluj\u0105 dost\u0119p do oraz korzystanie z <strong>silverlocks.org<\/strong><br \/>\n(\u201eStrona\u201d). Korzystaj\u0105c ze Strony lub uzyskuj\u0105c do niej dost\u0119p, akceptujesz niniejszy Regulamin. Je\u015bli nie zgadzasz si\u0119 z Regulaminem,<br \/>\nprosimy nie korzysta\u0107 ze Strony.<\/p>\n<hr \/>\n<h2>1) O nas<\/h2>\n<p><strong>Strona:<\/strong> silverlocks.org<br \/>\n<strong>W\u0142a\u015bciciel \/ Operator:<\/strong> [Twoje imi\u0119 i nazwisko \/ nazwa firmy]<br \/>\n<strong>Adres:<\/strong> [Tw\u00f3j adres]<br \/>\n<strong>Email kontaktowy:<\/strong> [Tw\u00f3j email kontaktowy]<\/p>\n<h2>2) Cel Strony<\/h2>\n<p>Strona udost\u0119pnia informacje i tre\u015bci wy\u0142\u0105cznie w og\u00f3lnych celach informacyjnych.<br \/>\nO ile nie wskazano wyra\u017anie inaczej, Strona nie stanowi porady profesjonalnej i<br \/>\nnie nale\u017cy na niej polega\u0107 jako na takiej.<\/p>\n<h2>3) Wiek u\u017cytkownika<\/h2>\n<p>Aby korzysta\u0107 ze Strony, musisz mie\u0107 co najmniej <strong>16 lat<\/strong>. Korzystaj\u0105c ze Strony, potwierdzasz,<br \/>\n\u017ce spe\u0142niasz ten wym\u00f3g.<\/p>\n<h2>4) Dopuszczalne korzystanie<\/h2>\n<p>Zobowi\u0105zujesz si\u0119 nie korzysta\u0107 ze Strony w spos\u00f3b, kt\u00f3ry:<\/p>\n<ul>\n<li>Narusza obowi\u0105zuj\u0105ce przepisy prawa lub regulacje<\/li>\n<li>Jest nielegalny, oszuka\u0144czy, szkodliwy lub stanowi nadu\u017cycie<\/li>\n<li>Zak\u0142\u00f3ca dzia\u0142anie Strony lub jej bezpiecze\u0144stwo<\/li>\n<li>Pr\u00f3buje uzyska\u0107 nieuprawniony dost\u0119p do Strony, kont, serwer\u00f3w lub sieci<\/li>\n<li>Wprowadza z\u0142o\u015bliwe oprogramowanie, wirusy lub szkodliwy kod<\/li>\n<li>Kopiuje, scrapuje lub pozyskuje dane bez zgody<\/li>\n<li>Podszywa si\u0119 pod inn\u0105 osob\u0119 lub wprowadza w b\u0142\u0105d co do powi\u0105za\u0144<\/li>\n<\/ul>\n<h2>5) W\u0142asno\u015b\u0107 intelektualna<\/h2>\n<p>O ile nie wskazano inaczej, wszystkie tre\u015bci na Stronie (w tym teksty, grafiki, logotypy, obrazy i projekt)<br \/>\nstanowi\u0105 nasz\u0105 w\u0142asno\u015b\u0107 lub s\u0105 nam licencjonowane i s\u0105 chronione przepisami prawa w\u0142asno\u015bci intelektualnej.<\/p>\n<p>Mo\u017cesz przegl\u0105da\u0107, pobiera\u0107 i drukowa\u0107 tre\u015bci wy\u0142\u0105cznie do u\u017cytku osobistego i niekomercyjnego. Nie wolno kopiowa\u0107,<br \/>\nrozpowszechnia\u0107, modyfikowa\u0107, tworzy\u0107 utwor\u00f3w zale\u017cnych ani wykorzystywa\u0107 tre\u015bci Strony w celach komercyjnych<br \/>\nbez naszej pisemnej zgody.<\/p>\n<h2>6) Tre\u015bci u\u017cytkownika (komentarze i zg\u0142oszenia)<\/h2>\n<p>Je\u015bli Strona umo\u017cliwia komentowanie lub przesy\u0142anie tre\u015bci, przyjmujesz do wiadomo\u015bci, \u017ce ponosisz odpowiedzialno\u015b\u0107 za publikowane tre\u015bci.<br \/>\nNie wolno publikowa\u0107 tre\u015bci niezgodnych z prawem, znies\u0142awiaj\u0105cych, obra\u017aliwych, nawo\u0142uj\u0105cych do nienawi\u015bci, wprowadzaj\u0105cych w b\u0142\u0105d<br \/>\nani naruszaj\u0105cych praw innych os\u00f3b.<\/p>\n<p>Przesy\u0142aj\u0105c tre\u015bci (w tym komentarze), udzielasz nam og\u00f3lno\u015bwiatowej, niewy\u0142\u0105cznej i nieodp\u0142atnej licencji na<br \/>\nkorzystanie, powielanie, wy\u015bwietlanie i rozpowszechnianie tych tre\u015bci na Stronie lub w zwi\u0105zku ze Stron\u0105.<\/p>\n<p>Mo\u017cemy moderowa\u0107, usuwa\u0107 lub ogranicza\u0107 dost\u0119p do tre\u015bci u\u017cytkownika wed\u0142ug w\u0142asnego uznania.<\/p>\n<h2>7) Linki zewn\u0119trzne i osadzone tre\u015bci<\/h2>\n<p>Strona mo\u017ce zawiera\u0107 linki do stron internetowych os\u00f3b trzecich lub osadzone tre\u015bci (np. filmy, posty spo\u0142eczno\u015bciowe).<br \/>\nNie kontrolujemy tych us\u0142ug stron trzecich i nie ponosimy odpowiedzialno\u015bci za ich tre\u015b\u0107, polityki ani praktyki.<\/p>\n<p>Korzystasz ze stron os\u00f3b trzecich na w\u0142asne ryzyko i zgodnie z ich regulaminami oraz politykami prywatno\u015bci.<\/p>\n<h2>8) Newsletter i komunikacja<\/h2>\n<p>Je\u015bli zapisujesz si\u0119 do newslettera, zgadzasz si\u0119 na otrzymywanie komunikacji od nas. Mo\u017cesz zrezygnowa\u0107 w dowolnym momencie,<br \/>\nkorzystaj\u0105c z linku w naszych wiadomo\u015bciach. Subskrypcje newslettera s\u0105 zarz\u0105dzane za po\u015brednictwem <strong>MailerLite<\/strong><br \/>\n(lub innego dostawcy, je\u015bli wskazano).<\/p>\n<h2>9) Wy\u0142\u0105czenia odpowiedzialno\u015bci<\/h2>\n<p>Strona oraz jej tre\u015bci s\u0105 udost\u0119pniane \u201etak jak s\u0105\u201d oraz \u201ew miar\u0119 dost\u0119pno\u015bci\u201d. Nie udzielamy \u017cadnych gwarancji,<br \/>\nwyra\u017anych ani dorozumianych, dotycz\u0105cych Strony, jej dost\u0119pno\u015bci, poprawno\u015bci, kompletno\u015bci lub przydatno\u015bci do okre\u015blonego celu.<\/p>\n<p>Nie gwarantujemy, \u017ce Strona b\u0119dzie dzia\u0142a\u0107 bez przerw, b\u0119dzie bezpieczna lub wolna od b\u0142\u0119d\u00f3w ani \u017ce usterki zostan\u0105 naprawione.<\/p>\n<h2>10) Ograniczenie odpowiedzialno\u015bci<\/h2>\n<p>W maksymalnym zakresie dozwolonym przez prawo nie ponosimy odpowiedzialno\u015bci za jakiekolwiek szkody bezpo\u015brednie, po\u015brednie,<br \/>\nincydentalne, nast\u0119pcze lub szczeg\u00f3lne wynikaj\u0105ce z lub zwi\u0105zane z korzystaniem (lub niemo\u017cno\u015bci\u0105 korzystania) ze Strony.<\/p>\n<p>Dotyczy to w szczeg\u00f3lno\u015bci utraty zysk\u00f3w, utraty danych, przerwy w dzia\u0142alno\u015bci, szkody reputacyjnej lub<br \/>\nszk\u00f3d wynikaj\u0105cych z polegania na tre\u015bciach Strony.<\/p>\n<h2>11) Zwolnienie z odpowiedzialno\u015bci (indemnizacja)<\/h2>\n<p>Zobowi\u0105zujesz si\u0119 zwolni\u0107 nas z odpowiedzialno\u015bci i zabezpieczy\u0107 przed wszelkimi roszczeniami, zobowi\u0105zaniami, szkodami, stratami i kosztami<br \/>\n(w tym uzasadnionymi kosztami obs\u0142ugi prawnej) wynikaj\u0105cymi z:<\/p>\n<ul>\n<li>Korzystania ze Strony<\/li>\n<li>Naruszenia niniejszego Regulaminu<\/li>\n<li>Naruszenia prawa lub praw os\u00f3b trzecich<\/li>\n<li>Wszelkich tre\u015bci przes\u0142anych lub opublikowanych za po\u015brednictwem Strony<\/li>\n<\/ul>\n<h2>12) Zmiany na Stronie<\/h2>\n<p>Mo\u017cemy aktualizowa\u0107, modyfikowa\u0107, zawiesza\u0107 lub wycofa\u0107 dowoln\u0105 cz\u0119\u015b\u0107 Strony w dowolnym czasie bez uprzedzenia.<\/p>\n<h2>13) Zako\u0144czenie dost\u0119pu<\/h2>\n<p>Mo\u017cemy ograniczy\u0107 lub zako\u0144czy\u0107 Tw\u00f3j dost\u0119p do Strony natychmiast, bez uprzedzenia, je\u015bli uznamy, \u017ce naruszy\u0142e\u015b(-a\u015b)<br \/>\nniniejszy Regulamin lub obowi\u0105zuj\u0105ce prawo.<\/p>\n<h2>14) Prywatno\u015b\u0107<\/h2>\n<p>Korzystanie ze Strony podlega r\u00f3wnie\u017c naszej <strong>Polityce prywatno\u015bci<\/strong> oraz <strong>Polityce plik\u00f3w cookie<\/strong>,<br \/>\nkt\u00f3re wyja\u015bniaj\u0105, w jaki spos\u00f3b zbieramy i przetwarzamy dane osobowe oraz jak wykorzystywane s\u0105 pliki cookie.<\/p>\n<h2>15) Prawo w\u0142a\u015bciwe i jurysdykcja<\/h2>\n<p>Niniejszy Regulamin podlega prawu <strong>[Twojego kraju]<\/strong>, z wy\u0142\u0105czeniem zasad kolizyjnych.<br \/>\nWszelkie spory zwi\u0105zane z niniejszym Regulaminem lub Stron\u0105 podlegaj\u0105 wy\u0142\u0105cznej jurysdykcji s\u0105d\u00f3w<br \/>\n<strong>[Twoje miasto\/kraj]<\/strong>, o ile obowi\u0105zuj\u0105ce przepisy nie stanowi\u0105 inaczej.<\/p>\n<h2>16) Rozdzielno\u015b\u0107 postanowie\u0144<\/h2>\n<p>Je\u015bli kt\u00f3rekolwiek postanowienie niniejszego Regulaminu zostanie uznane za niewa\u017cne lub niewykonalne, pozosta\u0142e postanowienia pozostaj\u0105<br \/>\nw pe\u0142nej mocy i skuteczno\u015bci.<\/p>\n<h2>17) Ca\u0142o\u015b\u0107 porozumienia<\/h2>\n<p>Niniejszy Regulamin stanowi ca\u0142o\u015b\u0107 porozumienia mi\u0119dzy Tob\u0105 a nami w zakresie korzystania ze Strony i zast\u0119puje wszelkie<br \/>\nwcze\u015bniejsze ustalenia lub porozumienia.<\/p>\n<h2>18) Kontakt<\/h2>\n<p>Je\u015bli masz pytania dotycz\u0105ce niniejszego Regulaminu, skontaktuj si\u0119 z nami:<\/p>\n<p><strong>[Twoje imi\u0119 i nazwisko \/ firma]<\/strong><br \/>\nEmail: <strong>[Tw\u00f3j email kontaktowy]<\/strong><br \/>\nAdres: <strong>[Tw\u00f3j adres]<\/strong><\/p>\n","protected":false},"excerpt":{"rendered":"<p>Regulamin strony Ostatnia aktualizacja: [DD Miesi\u0105c RRRR] Niniejsze Warunki korzystania (\u201eRegulamin\u201d) reguluj\u0105 dost\u0119p do oraz korzystanie z silverlocks.org (\u201eStrona\u201d). Korzystaj\u0105c ze Strony lub uzyskuj\u0105c do niej dost\u0119p, akceptujesz niniejszy Regulamin. Je\u015bli nie zgadzasz si\u0119 z Regulaminem, prosimy nie korzysta\u0107 ze Strony. 1) O nas Strona: silverlocks.org W\u0142a\u015bciciel \/ Operator: [Twoje imi\u0119 i nazwisko \/ nazwa &hellip;<\/p>\n","protected":false},"author":1,"featured_media":0,"parent":0,"menu_order":0,"comment_status":"closed","ping_status":"closed","template":"","meta":{"footnotes":""},"class_list":["post-22","page","type-page","status-publish"],"_links":{"self":[{"href":"https:\/\/www.silverlocks.org\/pl\/wp-json\/wp\/v2\/pages\/22","targetHints":{"allow":["GET"]}}],"collection":[{"href":"https:\/\/www.silverlocks.org\/pl\/wp-json\/wp\/v2\/pages"}],"about":[{"href":"https:\/\/www.silverlocks.org\/pl\/wp-json\/wp\/v2\/types\/page"}],"author":[{"embeddable":true,"href":"https:\/\/www.silverlocks.org\/pl\/wp-json\/wp\/v2\/users\/1"}],"replies":[{"embeddable":true,"href":"https:\/\/www.silverlocks.org\/pl\/wp-json\/wp\/v2\/comments?post=22"}],"version-history":[{"count":2,"href":"https:\/\/www.silverlocks.org\/pl\/wp-json\/wp\/v2\/pages\/22\/revisions"}],"predecessor-version":[{"id":24,"href":"https:\/\/www.silverlocks.org\/pl\/wp-json\/wp\/v2\/pages\/22\/revisions\/24"}],"wp:attachment":[{"href":"https:\/\/www.silverlocks.org\/pl\/wp-json\/wp\/v2\/media?parent=22"}],"curies":[{"name":"wp","href":"https:\/\/api.w.org\/{rel}","templated":true}]}}