{"id":28,"date":"2026-02-22T21:42:26","date_gmt":"2026-02-22T21:42:26","guid":{"rendered":"https:\/\/www.silverlocks.org\/pl\/?page_id=28"},"modified":"2026-02-22T21:53:24","modified_gmt":"2026-02-22T21:53:24","slug":"accessibility","status":"publish","type":"page","link":"https:\/\/www.silverlocks.org\/pl\/accessibility\/","title":{"rendered":"Dost\u0119pno\u015b\u0107 cyfrowa"},"content":{"rendered":"<h1>Nasz obowi\u0105zek w zakresie dost\u0119pno\u015bci cyfrowej<\/h1>\n<p>[YOUR COMPANY NAME] zobowi\u0105zuje si\u0119 do zapewnienia w pe\u0142ni dost\u0119pnego do\u015bwiadczenia korzystania ze strony internetowej dla wszystkich u\u017cytkownik\u00f3w, niezale\u017cnie od ich mo\u017cliwo\u015bci, w tym dla os\u00f3b korzystaj\u0105cych z technologii wspomagaj\u0105cych, takich jak czytniki ekranu, oprogramowanie powi\u0119kszaj\u0105ce oraz alternatywne urz\u0105dzenia do obs\u0142ugi klawiatur\u0105.<\/p>\n<h2><strong>Sta\u0142e dzia\u0142ania na rzecz zapewnienia dost\u0119pno\u015bci<\/strong><\/h2>\n<p>Stosujemy <a href=\"https:\/\/www.w3.org\/TR\/WCAG21\/\" target=\"_blank\" rel=\"noopener\">Wytyczne dost\u0119pno\u015bci tre\u015bci internetowych (WCAG) w wersji 2.1<\/a> jako zasad\u0119 przewodni\u0105 przy ocenie dost\u0119pno\u015bci. S\u0105 to uznane na arenie mi\u0119dzynarodowej standardy obejmuj\u0105ce szeroki zakres zalece\u0144 i dobrych praktyk, kt\u00f3re pomagaj\u0105 uczyni\u0107 tre\u015bci u\u017cytecznymi. W miar\u0119 dodawania nowych stron i funkcji do naszej witryny sprawdzamy projekty, kod oraz praktyki wprowadzania tre\u015bci pod k\u0105tem tych standard\u00f3w.<\/p>\n<p>Dost\u0119pno\u015b\u0107 strony internetowej to proces ci\u0105g\u0142y. Regularnie testujemy tre\u015bci i funkcje pod k\u0105tem zgodno\u015bci z WCAG 2.1 na poziomie AA oraz usuwamy wykryte problemy, aby spe\u0142nia\u0107 lub przewy\u017csza\u0107 wymagania standard\u00f3w. Testy naszej strony s\u0105 wykonywane przez cz\u0142onk\u00f3w zespo\u0142u przy u\u017cyciu narz\u0119dzi powszechnie stosowanych w bran\u017cy, takich jak <a href=\"https:\/\/a11ychecker.com\/?utm_source=accessibility-checker&amp;utm_medium=software&amp;utm_campaign=wordpress-general\" target=\"_blank\" rel=\"noopener\">wtyczka Accessibility Checker dla WordPress<\/a>, analizatory kontrastu kolor\u00f3w, techniki nawigacji wy\u0142\u0105cznie za pomoc\u0105 klawiatury oraz testy czytelno\u015bci Flesch-Kincaid.<\/p>\n<h2>Funkcje dost\u0119pno\u015bci na naszej stronie<\/h2>\n<p>Poni\u017cej znajduje si\u0119 lista element\u00f3w, kt\u00f3re wdro\u017cyli\u015bmy na naszej stronie, aby poprawi\u0107 jej dost\u0119pno\u015b\u0107:<\/p>\n<ul>\n<li>[WYPISZ TUTAJ FUNKCJE DOST\u0118PNO\u015aCI]<\/li>\n<\/ul>\n<h2>Obszary, kt\u00f3re ulepszamy<\/h2>\n<p>W ramach dzia\u0142a\u0144 maj\u0105cych na celu dostosowanie naszej strony do standard\u00f3w, koncentrujemy si\u0119 na nast\u0119puj\u0105cych obszarach:<\/p>\n<ul>\n<li>[WYPISZ TUTAJ ELEMENTY, NAD KT\u00d3RYMI PRACUJESZ]<\/li>\n<li>[POMOCNE MO\u017bE BY\u0106 SPRAWDZENIE KARTY \u201eOTWARTE\u201d (OPEN ISSUES), ABY ZOBACZY\u0106 NAJCZ\u0118STSZE PROBLEMY]<\/li>\n<\/ul>\n<p>Jest to cz\u0119\u015b\u0107 naszych szerszych stara\u0144, aby do\u015bwiadczenie ka\u017cdej osoby w [COMPANY NAME] by\u0142o przyjazne i komfortowe. Nale\u017cy pami\u0119ta\u0107, \u017ce cho\u0107 dok\u0142adamy wszelkich stara\u0144, aby udost\u0119pnia\u0107 informacje w spos\u00f3b dost\u0119pny dla wszystkich u\u017cytkownik\u00f3w, nie mo\u017cemy zagwarantowa\u0107 dost\u0119pno\u015bci stron internetowych podmiot\u00f3w trzecich, do kt\u00f3rych mo\u017cemy linkowa\u0107.<\/p>\n<h2>Kontakt w sprawie dost\u0119pno\u015bci<\/h2>\n<p>Zach\u0119camy do przekazywania komentarzy, pyta\u0144 i opinii na temat naszej strony. Je\u015bli korzystasz z technologii wspomagaj\u0105cych i masz trudno\u015bci z u\u017cywaniem naszej witryny, napisz do nas na adres [YOUR ACCESSIBILITY EMAIL ADDRESS] lub zadzwo\u0144 pod numer [YOUR PHONE NUMBER]. Do\u0142o\u017cymy wszelkich stara\u0144, aby pom\u00f3c i rozwi\u0105za\u0107 zg\u0142oszone problemy.<\/p>\n","protected":false},"excerpt":{"rendered":"<p>Nasz obowi\u0105zek w zakresie dost\u0119pno\u015bci cyfrowej [YOUR COMPANY NAME] zobowi\u0105zuje si\u0119 do zapewnienia w pe\u0142ni dost\u0119pnego do\u015bwiadczenia korzystania ze strony internetowej dla wszystkich u\u017cytkownik\u00f3w, niezale\u017cnie od ich mo\u017cliwo\u015bci, w tym dla os\u00f3b korzystaj\u0105cych z technologii wspomagaj\u0105cych, takich jak czytniki ekranu, oprogramowanie powi\u0119kszaj\u0105ce oraz alternatywne urz\u0105dzenia do obs\u0142ugi klawiatur\u0105. Sta\u0142e dzia\u0142ania na rzecz zapewnienia dost\u0119pno\u015bci Stosujemy &hellip;<\/p>\n","protected":false},"author":1,"featured_media":0,"parent":0,"menu_order":0,"comment_status":"closed","ping_status":"closed","template":"","meta":{"footnotes":""},"class_list":["post-28","page","type-page","status-publish"],"_links":{"self":[{"href":"https:\/\/www.silverlocks.org\/pl\/wp-json\/wp\/v2\/pages\/28","targetHints":{"allow":["GET"]}}],"collection":[{"href":"https:\/\/www.silverlocks.org\/pl\/wp-json\/wp\/v2\/pages"}],"about":[{"href":"https:\/\/www.silverlocks.org\/pl\/wp-json\/wp\/v2\/types\/page"}],"author":[{"embeddable":true,"href":"https:\/\/www.silverlocks.org\/pl\/wp-json\/wp\/v2\/users\/1"}],"replies":[{"embeddable":true,"href":"https:\/\/www.silverlocks.org\/pl\/wp-json\/wp\/v2\/comments?post=28"}],"version-history":[{"count":2,"href":"https:\/\/www.silverlocks.org\/pl\/wp-json\/wp\/v2\/pages\/28\/revisions"}],"predecessor-version":[{"id":30,"href":"https:\/\/www.silverlocks.org\/pl\/wp-json\/wp\/v2\/pages\/28\/revisions\/30"}],"wp:attachment":[{"href":"https:\/\/www.silverlocks.org\/pl\/wp-json\/wp\/v2\/media?parent=28"}],"curies":[{"name":"wp","href":"https:\/\/api.w.org\/{rel}","templated":true}]}}