{"id":36,"date":"2026-02-22T22:41:29","date_gmt":"2026-02-22T22:41:29","guid":{"rendered":"https:\/\/www.silverlocks.org\/pl\/?page_id=36"},"modified":"2026-02-22T22:45:57","modified_gmt":"2026-02-22T22:45:57","slug":"o-nas","status":"publish","type":"page","link":"https:\/\/www.silverlocks.org\/pl\/o-nas\/","title":{"rendered":"O nas"},"content":{"rendered":"<h2>Witamy w Silverlocks!<\/h2>\n<p>Silverlocks to internetowy dom dla kobiet po 45. roku \u017cycia, kt\u00f3re chc\u0105 od midlife czego\u015b wi\u0119cej ni\u017c klisz i niewidzialno\u015bci. To miejsce dla kobiet ciekawych \u015bwiata, uwa\u017cnych i gotowych zadba\u0107 o siebie tak samo, jak dbaj\u0105 o wszystkich wok\u00f3\u0142.<\/p>\n<p>Znajdziesz tu szczere artyku\u0142y o menopauzie, zdrowiu i dobrostanie, zdrowiu psychicznym, ADHD w doros\u0142o\u015bci oraz o tym, jak naprawd\u0119 wygl\u0105da starzenie si\u0119 w dzisiejszym \u015bwiecie. Silverlocks \u0142\u0105czy historie, praktyczne wskaz\u00f3wki i konkretne wsparcie, aby pom\u00f3c Ci przej\u015b\u0107 przez zmiany w ciele, relacjach, pracy i to\u017csamo\u015bci z wi\u0119ksz\u0105 lekko\u015bci\u0105 i szacunkiem do samej siebie.<\/p>\n<p>Silverlocks wierzy, \u017ce midlife to nie koniec, ale pocz\u0105tek na w\u0142asnych zasadach. To przestrze\u0144, kt\u00f3ra ma podwa\u017ca\u0107 stereotypy i celebrowa\u0107 g\u0142\u0119bi\u0119, poczucie humoru oraz wolno\u015b\u0107, kt\u00f3re przychodz\u0105 wraz z do\u015bwiadczeniem. Niezale\u017cnie od tego, czy w\u0142a\u015bnie reinventujesz swoje \u017cycie, czy po prostu szukasz prawdziwych historii, kt\u00f3re brzmi\u0105 jak Twoje \u2014 Silverlocks jest tu po to, by da\u0107 inspiracj\u0119, poczucie blisko\u015bci i wsparcie w tym \u201esrebrnym\u201d sezonie Twojego \u017cycia.<\/p>\n","protected":false},"excerpt":{"rendered":"<p>Witamy w Silverlocks! Silverlocks to internetowy dom dla kobiet po 45. roku \u017cycia, kt\u00f3re chc\u0105 od midlife czego\u015b wi\u0119cej ni\u017c klisz i niewidzialno\u015bci. To miejsce dla kobiet ciekawych \u015bwiata, uwa\u017cnych i gotowych zadba\u0107 o siebie tak samo, jak dbaj\u0105 o wszystkich wok\u00f3\u0142. Znajdziesz tu szczere artyku\u0142y o menopauzie, zdrowiu i dobrostanie, zdrowiu psychicznym, ADHD w &hellip;<\/p>\n","protected":false},"author":1,"featured_media":0,"parent":0,"menu_order":0,"comment_status":"closed","ping_status":"closed","template":"","meta":{"footnotes":""},"class_list":["post-36","page","type-page","status-publish"],"_links":{"self":[{"href":"https:\/\/www.silverlocks.org\/pl\/wp-json\/wp\/v2\/pages\/36","targetHints":{"allow":["GET"]}}],"collection":[{"href":"https:\/\/www.silverlocks.org\/pl\/wp-json\/wp\/v2\/pages"}],"about":[{"href":"https:\/\/www.silverlocks.org\/pl\/wp-json\/wp\/v2\/types\/page"}],"author":[{"embeddable":true,"href":"https:\/\/www.silverlocks.org\/pl\/wp-json\/wp\/v2\/users\/1"}],"replies":[{"embeddable":true,"href":"https:\/\/www.silverlocks.org\/pl\/wp-json\/wp\/v2\/comments?post=36"}],"version-history":[{"count":1,"href":"https:\/\/www.silverlocks.org\/pl\/wp-json\/wp\/v2\/pages\/36\/revisions"}],"predecessor-version":[{"id":37,"href":"https:\/\/www.silverlocks.org\/pl\/wp-json\/wp\/v2\/pages\/36\/revisions\/37"}],"wp:attachment":[{"href":"https:\/\/www.silverlocks.org\/pl\/wp-json\/wp\/v2\/media?parent=36"}],"curies":[{"name":"wp","href":"https:\/\/api.w.org\/{rel}","templated":true}]}}