{"id":24,"date":"2026-02-22T21:43:24","date_gmt":"2026-02-22T21:43:24","guid":{"rendered":"https:\/\/www.silverlocks.org\/pt\/?page_id=24"},"modified":"2026-02-22T21:53:33","modified_gmt":"2026-02-22T21:53:33","slug":"accessibility","status":"publish","type":"page","link":"https:\/\/www.silverlocks.org\/pt\/accessibility\/","title":{"rendered":"Acessibilidade web"},"content":{"rendered":"<h1>O nosso compromisso com a acessibilidade web<\/h1>\n<p>[YOUR COMPANY NAME] est\u00e1 empenhada em proporcionar uma experi\u00eancia totalmente acess\u00edvel no seu website para todos os utilizadores, independentemente das suas capacidades, incluindo aqueles que recorrem a tecnologias de apoio como leitores de ecr\u00e3, software de amplia\u00e7\u00e3o do ecr\u00e3 e dispositivos alternativos de introdu\u00e7\u00e3o por teclado para navegar na web.<\/p>\n<h2><strong>Esfor\u00e7os cont\u00ednuos para garantir a acessibilidade<\/strong><\/h2>\n<p>Seguimos as <a href=\"https:\/\/www.w3.org\/TR\/WCAG21\/\" target=\"_blank\" rel=\"noopener\">Web Content Accessibility Guidelines (WCAG) vers\u00e3o 2.1<\/a> como princ\u00edpio orientador para determinar a acessibilidade. Estes s\u00e3o padr\u00f5es acordados internacionalmente que cobrem uma ampla gama de recomenda\u00e7\u00f5es e boas pr\u00e1ticas para tornar o conte\u00fado utiliz\u00e1vel. \u00c0 medida que adicionamos novas p\u00e1ginas e funcionalidades ao nosso website, todos os designs, c\u00f3digo e pr\u00e1ticas de introdu\u00e7\u00e3o de conte\u00fado s\u00e3o verificados de acordo com estes padr\u00f5es.<\/p>\n<p>A acessibilidade do website \u00e9 um processo cont\u00ednuo. Testamos regularmente conte\u00fados e funcionalidades para conformidade com WCAG 2.1 N\u00edvel AA e corrigimos quaisquer problemas para garantir que cumprimos ou excedemos os padr\u00f5es. Os testes do nosso website s\u00e3o realizados por membros da nossa equipa utilizando ferramentas padr\u00e3o do setor, como o <a href=\"https:\/\/a11ychecker.com\/?utm_source=accessibility-checker&amp;utm_medium=software&amp;utm_campaign=wordpress-general\" target=\"_blank\" rel=\"noopener\">plugin Accessibility Checker para WordPress<\/a>, analisadores de contraste de cores, t\u00e9cnicas de navega\u00e7\u00e3o apenas com teclado e testes de legibilidade Flesch-Kincaid.<\/p>\n<h2>Funcionalidades de acessibilidade no nosso website<\/h2>\n<p>Segue-se uma lista de itens que inclu\u00edmos no nosso website para melhorar a sua acessibilidade:<\/p>\n<ul>\n<li>[LISTE AQUI AS FUNCIONALIDADES DE ACESSIBILIDADE]<\/li>\n<\/ul>\n<h2>Onde estamos a melhorar<\/h2>\n<p>Nos nossos esfor\u00e7os para elevar o nosso website ao padr\u00e3o, estamos a focar-nos nas seguintes \u00e1reas:<\/p>\n<ul>\n<li>[LISTE AQUI OS ITENS QUE EST\u00c1 A TRABALHAR PARA CORRIGIR]<\/li>\n<li>[PODE SER \u00daTIL REVER O SEPARADOR DE PROBLEMAS ABERTOS (OPEN ISSUES) PARA VER OS PROBLEMAS MAIS COMUNS]<\/li>\n<\/ul>\n<p>Isto faz parte do nosso esfor\u00e7o mais amplo para tornar a experi\u00eancia de todos na [COMPANY NAME] acolhedora e agrad\u00e1vel. Note que, embora fa\u00e7amos todos os esfor\u00e7os para disponibilizar informa\u00e7\u00e3o acess\u00edvel para todos os utilizadores, n\u00e3o podemos garantir a acessibilidade de websites de terceiros para os quais possamos fornecer links.<\/p>\n<h2>Contacto de apoio \u00e0 acessibilidade<\/h2>\n<p>Agradecemos coment\u00e1rios, quest\u00f5es e feedback sobre o nosso website. Se estiver a utilizar tecnologias de apoio e estiver a ter dificuldades em usar o nosso website, por favor envie um email para [YOUR ACCESSIBILITY EMAIL ADDRESS] ou ligue para [YOUR PHONE NUMBER]. Faremos o nosso melhor para ajudar e resolver os problemas.<\/p>\n","protected":false},"excerpt":{"rendered":"<p>O nosso compromisso com a acessibilidade web [YOUR COMPANY NAME] est\u00e1 empenhada em proporcionar uma experi\u00eancia totalmente acess\u00edvel no seu website para todos os utilizadores, independentemente das suas capacidades, incluindo aqueles que recorrem a tecnologias de apoio como leitores de ecr\u00e3, software de amplia\u00e7\u00e3o do ecr\u00e3 e dispositivos alternativos de introdu\u00e7\u00e3o por teclado para navegar &hellip;<\/p>\n","protected":false},"author":1,"featured_media":0,"parent":0,"menu_order":0,"comment_status":"closed","ping_status":"closed","template":"","meta":{"footnotes":""},"class_list":["post-24","page","type-page","status-publish"],"_links":{"self":[{"href":"https:\/\/www.silverlocks.org\/pt\/wp-json\/wp\/v2\/pages\/24","targetHints":{"allow":["GET"]}}],"collection":[{"href":"https:\/\/www.silverlocks.org\/pt\/wp-json\/wp\/v2\/pages"}],"about":[{"href":"https:\/\/www.silverlocks.org\/pt\/wp-json\/wp\/v2\/types\/page"}],"author":[{"embeddable":true,"href":"https:\/\/www.silverlocks.org\/pt\/wp-json\/wp\/v2\/users\/1"}],"replies":[{"embeddable":true,"href":"https:\/\/www.silverlocks.org\/pt\/wp-json\/wp\/v2\/comments?post=24"}],"version-history":[{"count":3,"href":"https:\/\/www.silverlocks.org\/pt\/wp-json\/wp\/v2\/pages\/24\/revisions"}],"predecessor-version":[{"id":27,"href":"https:\/\/www.silverlocks.org\/pt\/wp-json\/wp\/v2\/pages\/24\/revisions\/27"}],"wp:attachment":[{"href":"https:\/\/www.silverlocks.org\/pt\/wp-json\/wp\/v2\/media?parent=24"}],"curies":[{"name":"wp","href":"https:\/\/api.w.org\/{rel}","templated":true}]}}