{"id":33,"date":"2026-02-22T22:42:03","date_gmt":"2026-02-22T22:42:03","guid":{"rendered":"https:\/\/www.silverlocks.org\/pt\/?page_id=33"},"modified":"2026-03-11T14:09:18","modified_gmt":"2026-03-11T14:09:18","slug":"sobre-nos","status":"publish","type":"page","link":"https:\/\/www.silverlocks.org\/pt\/sobre-nos\/","title":{"rendered":"Sobre n\u00f3s"},"content":{"rendered":"<h2>Bem-vinda ao Silverlocks<\/h2>\n<p>Silverlocks \u00e9 um site para mulheres com mais de 45 anos que querem mais da meia-idade do que clich\u00eas e invisibilidade. \u00c9 para mulheres curiosas e prontas para cuidar de si mesmas tanto quanto cuidam de todos os outros.<\/p>\n<p>Aqui, voc\u00ea encontrar\u00e1 artigos honestos sobre menopausa, sa\u00fade e bem-estar, sa\u00fade mental, TDAH na idade adulta e como \u00e9 realmente envelhecer no mundo de hoje. Silverlocks re\u00fane hist\u00f3rias, dicas pr\u00e1ticas e orienta\u00e7\u00f5es para ajud\u00e1-la a lidar com as mudan\u00e7as no corpo, nos relacionamentos, no trabalho e na identidade com mais facilidade e autoestima.<\/p>\n<p>Silverlocks acredita que a meia-idade n\u00e3o \u00e9 um fim, mas um come\u00e7o por si s\u00f3. Este espa\u00e7o \u00e9 dedicado a desafiar estere\u00f3tipos e celebrar o humor e a liberdade que v\u00eam com a experi\u00eancia. Esteja voc\u00ea reinventando sua vida ou simplesmente procurando hist\u00f3rias reais que se pare\u00e7am com a sua,\u00a0 Silverlocks est\u00e1 aqui para oferecer inspira\u00e7\u00e3o, conex\u00e3o e apoio nesta fase \u201cprateada\u201d da sua vida.<\/p>\n<p>&nbsp;<\/p>\n","protected":false},"excerpt":{"rendered":"<p>Bem-vinda ao Silverlocks Silverlocks \u00e9 um site para mulheres com mais de 45 anos que querem mais da meia-idade do que clich\u00eas e invisibilidade. \u00c9 para mulheres curiosas e prontas para cuidar de si mesmas tanto quanto cuidam de todos os outros. Aqui, voc\u00ea encontrar\u00e1 artigos honestos sobre menopausa, sa\u00fade e bem-estar, sa\u00fade mental, TDAH &hellip;<\/p>\n","protected":false},"author":1,"featured_media":0,"parent":0,"menu_order":0,"comment_status":"closed","ping_status":"closed","template":"","meta":{"footnotes":""},"class_list":["post-33","page","type-page","status-publish"],"_links":{"self":[{"href":"https:\/\/www.silverlocks.org\/pt\/wp-json\/wp\/v2\/pages\/33","targetHints":{"allow":["GET"]}}],"collection":[{"href":"https:\/\/www.silverlocks.org\/pt\/wp-json\/wp\/v2\/pages"}],"about":[{"href":"https:\/\/www.silverlocks.org\/pt\/wp-json\/wp\/v2\/types\/page"}],"author":[{"embeddable":true,"href":"https:\/\/www.silverlocks.org\/pt\/wp-json\/wp\/v2\/users\/1"}],"replies":[{"embeddable":true,"href":"https:\/\/www.silverlocks.org\/pt\/wp-json\/wp\/v2\/comments?post=33"}],"version-history":[{"count":6,"href":"https:\/\/www.silverlocks.org\/pt\/wp-json\/wp\/v2\/pages\/33\/revisions"}],"predecessor-version":[{"id":65,"href":"https:\/\/www.silverlocks.org\/pt\/wp-json\/wp\/v2\/pages\/33\/revisions\/65"}],"wp:attachment":[{"href":"https:\/\/www.silverlocks.org\/pt\/wp-json\/wp\/v2\/media?parent=33"}],"curies":[{"name":"wp","href":"https:\/\/api.w.org\/{rel}","templated":true}]}}